{"id":44,"date":"2025-01-10T11:47:15","date_gmt":"2025-01-10T11:47:15","guid":{"rendered":"https:\/\/openet.it\/?page_id=44"},"modified":"2025-01-20T14:59:32","modified_gmt":"2025-01-20T14:59:32","slug":"radiosat","status":"publish","type":"page","link":"https:\/\/openet.it\/fr\/radiosat\/","title":{"rendered":"Radiosat"},"content":{"rendered":"<style>.elementor-44 .elementor-element.elementor-element-7dd9fdc{--display:flex;}.elementor-widget-text-editor{font-family:var( --e-global-typography-text-font-family ), Sans-serif;font-weight:var( --e-global-typography-text-font-weight );line-height:var( --e-global-typography-text-line-height );color:var( --e-global-color-text );}.elementor-widget-text-editor.elementor-drop-cap-view-stacked .elementor-drop-cap{background-color:var( --e-global-color-primary );}.elementor-widget-text-editor.elementor-drop-cap-view-framed .elementor-drop-cap, .elementor-widget-text-editor.elementor-drop-cap-view-default .elementor-drop-cap{color:var( --e-global-color-primary );border-color:var( --e-global-color-primary );}@media(max-width:1024px){.elementor-widget-text-editor{line-height:var( --e-global-typography-text-line-height );}}@media(max-width:767px){.elementor-widget-text-editor{line-height:var( --e-global-typography-text-line-height );}}<\/style>\t\t<div data-elementor-type=\"wp-page\" data-elementor-id=\"44\" class=\"elementor elementor-44\" data-elementor-post-type=\"page\">\n\t\t\t\t<div class=\"elementor-element elementor-element-7dd9fdc e-flex e-con-boxed e-con e-parent\" data-id=\"7dd9fdc\" data-element_type=\"container\">\n\t\t\t\t\t<div class=\"e-con-inner\">\n\t\t\t\t<div class=\"elementor-element elementor-element-95018ae elementor-widget elementor-widget-text-editor\" data-id=\"95018ae\" data-element_type=\"widget\" data-widget_type=\"text-editor.default\">\n\t\t\t\t<div class=\"elementor-widget-container\">\n\t\t\t\t\t\t\t\t\t<p class=\"translation-block\"><em><strong>Diffusion radio et r\u00e9seau partag\u00e9 en milieu professionnel<\/strong><\/em><br>Projet de recherche r\u00e9alis\u00e9 dans le cadre du programme <strong>EuroSkyWay<\/strong> de l'Agence spatiale europ\u00e9enne, en collaboration avec Alenia Spazio S.p.A..<\/p><p>Gr\u00e2ce \u00e0 la mise en \u0153uvre d'une phase pilote impliquant plusieurs stations de radio qui a dur\u00e9 environ 12 mois, le projet a valid\u00e9 une plateforme de cr\u00e9ation et de transmission bidirectionnelle par satellite de contenus musicaux personnalis\u00e9s (playlists). A l'issue du projet, la plateforme a \u00e9t\u00e9 propos\u00e9e et utilis\u00e9e par plusieurs hypermarch\u00e9s pour la cr\u00e9ation de services RADIO IN STORE.<\/p>\t\t\t\t\t\t\t\t<\/div>\n\t\t\t\t<\/div>\n\t\t\t\t\t<\/div>\n\t\t\t\t<\/div>\n\t\t\t\t<\/div>","protected":false},"excerpt":{"rendered":"<p>Radio Broadcast and shared network in a business environmentProgetto di ricerca realizzato nell\u2019ambito del programma\u00a0EuroSkyWay\u00a0dell\u2019Agenzia Spaziale Europea, in collaborazione con Alenia Spazio S.p.A.. Grazie alla realizzazione di una fase pilota che ha coinvolto diverse emittenti radiofoniche durata circa 12 mesi, il progetto ha validato una piattaforma per la creazione e trasmissione satellitare bidirezionale di contenuti [&hellip;]<\/p>","protected":false},"author":1,"featured_media":1001,"parent":0,"menu_order":0,"comment_status":"closed","ping_status":"closed","template":"","meta":{"footnotes":""},"class_list":["post-44","page","type-page","status-publish","has-post-thumbnail","hentry"],"aioseo_notices":[],"_links":{"self":[{"href":"https:\/\/openet.it\/fr\/wp-json\/wp\/v2\/pages\/44","targetHints":{"allow":["GET"]}}],"collection":[{"href":"https:\/\/openet.it\/fr\/wp-json\/wp\/v2\/pages"}],"about":[{"href":"https:\/\/openet.it\/fr\/wp-json\/wp\/v2\/types\/page"}],"author":[{"embeddable":true,"href":"https:\/\/openet.it\/fr\/wp-json\/wp\/v2\/users\/1"}],"replies":[{"embeddable":true,"href":"https:\/\/openet.it\/fr\/wp-json\/wp\/v2\/comments?post=44"}],"version-history":[{"count":0,"href":"https:\/\/openet.it\/fr\/wp-json\/wp\/v2\/pages\/44\/revisions"}],"wp:featuredmedia":[{"embeddable":true,"href":"https:\/\/openet.it\/fr\/wp-json\/wp\/v2\/media\/1001"}],"wp:attachment":[{"href":"https:\/\/openet.it\/fr\/wp-json\/wp\/v2\/media?parent=44"}],"curies":[{"name":"wp","href":"https:\/\/api.w.org\/{rel}","templated":true}]}}