{"id":42,"date":"2025-01-10T11:46:44","date_gmt":"2025-01-10T11:46:44","guid":{"rendered":"https:\/\/openet.it\/?page_id=42"},"modified":"2025-01-20T14:58:43","modified_gmt":"2025-01-20T14:58:43","slug":"teseo","status":"publish","type":"page","link":"https:\/\/openet.it\/fr\/teseo\/","title":{"rendered":"Teseo"},"content":{"rendered":"<style>.elementor-42 .elementor-element.elementor-element-003959b{--display:flex;}.elementor-widget-text-editor{font-family:var( --e-global-typography-text-font-family ), Sans-serif;font-weight:var( --e-global-typography-text-font-weight );line-height:var( --e-global-typography-text-line-height );color:var( --e-global-color-text );}.elementor-widget-text-editor.elementor-drop-cap-view-stacked .elementor-drop-cap{background-color:var( --e-global-color-primary );}.elementor-widget-text-editor.elementor-drop-cap-view-framed .elementor-drop-cap, .elementor-widget-text-editor.elementor-drop-cap-view-default .elementor-drop-cap{color:var( --e-global-color-primary );border-color:var( --e-global-color-primary );}@media(max-width:1024px){.elementor-widget-text-editor{line-height:var( --e-global-typography-text-line-height );}}@media(max-width:767px){.elementor-widget-text-editor{line-height:var( --e-global-typography-text-line-height );}}<\/style>\t\t<div data-elementor-type=\"wp-page\" data-elementor-id=\"42\" class=\"elementor elementor-42\" data-elementor-post-type=\"page\">\n\t\t\t\t<div class=\"elementor-element elementor-element-003959b e-flex e-con-boxed e-con e-parent\" data-id=\"003959b\" data-element_type=\"container\">\n\t\t\t\t\t<div class=\"e-con-inner\">\n\t\t\t\t<div class=\"elementor-element elementor-element-98f2c9b elementor-widget elementor-widget-text-editor\" data-id=\"98f2c9b\" data-element_type=\"widget\" data-widget_type=\"text-editor.default\">\n\t\t\t\t<div class=\"elementor-widget-container\">\n\t\t\t\t\t\t\t\t\t<p class=\"translation-block\"><em><strong>Services \u00c9tendus de T\u00e9l\u00e9tourisme pour les Op\u00e9rateurs d'Extension<\/strong><\/em><br>Cha\u00eene satellite th\u00e9matique d\u00e9di\u00e9e au tourisme, cr\u00e9\u00e9e en 2002 dans le cadre de l'activit\u00e9 de recherche soutenue par l'Agence Spatiale Europ\u00e9enne (ESA).<\/p><p>Le projet a exp\u00e9riment\u00e9, \u00e0 travers une phase pilote d'une dur\u00e9e de 12 mois et gr\u00e2ce \u00e0 l'implication de 30 op\u00e9rateurs touristiques diff\u00e9rents, le d\u00e9veloppement d'un nouveau mod\u00e8le de communication et de collecte d'informations bas\u00e9 sur une transmission par satellite d\u00e9di\u00e9e pour la diffusion cibl\u00e9e de contenus vers des zones de chalandise sp\u00e9cifiques. (technologie SkyPlex).<\/p>\t\t\t\t\t\t\t\t<\/div>\n\t\t\t\t<\/div>\n\t\t\t\t\t<\/div>\n\t\t\t\t<\/div>\n\t\t\t\t<\/div>","protected":false},"excerpt":{"rendered":"<p>Teletourism Extended Services for Estensive OperatorsCanale satellitare tematico dedicato al turismo, realizzato nel corso del 2002 nell\u2019ambito dell\u2019attivit\u00e0 di ricerca sostenuta dall\u2019Agenzia Spaziale Europea (ESA). Il progetto ha sperimentato attraverso una fase pilota durata 12 mesi e grazie al coinvolgimento di 30 diversi operatori turistici, lo sviluppo di un nuovo modello di comunicazione e di [&hellip;]<\/p>","protected":false},"author":1,"featured_media":1000,"parent":0,"menu_order":0,"comment_status":"closed","ping_status":"closed","template":"","meta":{"footnotes":""},"class_list":["post-42","page","type-page","status-publish","has-post-thumbnail","hentry"],"aioseo_notices":[],"_links":{"self":[{"href":"https:\/\/openet.it\/fr\/wp-json\/wp\/v2\/pages\/42","targetHints":{"allow":["GET"]}}],"collection":[{"href":"https:\/\/openet.it\/fr\/wp-json\/wp\/v2\/pages"}],"about":[{"href":"https:\/\/openet.it\/fr\/wp-json\/wp\/v2\/types\/page"}],"author":[{"embeddable":true,"href":"https:\/\/openet.it\/fr\/wp-json\/wp\/v2\/users\/1"}],"replies":[{"embeddable":true,"href":"https:\/\/openet.it\/fr\/wp-json\/wp\/v2\/comments?post=42"}],"version-history":[{"count":0,"href":"https:\/\/openet.it\/fr\/wp-json\/wp\/v2\/pages\/42\/revisions"}],"wp:featuredmedia":[{"embeddable":true,"href":"https:\/\/openet.it\/fr\/wp-json\/wp\/v2\/media\/1000"}],"wp:attachment":[{"href":"https:\/\/openet.it\/fr\/wp-json\/wp\/v2\/media?parent=42"}],"curies":[{"name":"wp","href":"https:\/\/api.w.org\/{rel}","templated":true}]}}