{"id":28,"date":"2025-01-10T11:43:39","date_gmt":"2025-01-10T11:43:39","guid":{"rendered":"https:\/\/openet.it\/?page_id=28"},"modified":"2025-01-20T11:54:47","modified_gmt":"2025-01-20T11:54:47","slug":"sperimentazione-5g","status":"publish","type":"page","link":"https:\/\/openet.it\/fr\/sperimentazione-5g\/","title":{"rendered":"Exp\u00e9rimentation 5G"},"content":{"rendered":"<style>.elementor-28 .elementor-element.elementor-element-d9d889b{--display:flex;}.elementor-widget-text-editor{font-family:var( --e-global-typography-text-font-family ), Sans-serif;font-weight:var( --e-global-typography-text-font-weight );line-height:var( --e-global-typography-text-line-height );color:var( --e-global-color-text );}.elementor-widget-text-editor.elementor-drop-cap-view-stacked .elementor-drop-cap{background-color:var( --e-global-color-primary );}.elementor-widget-text-editor.elementor-drop-cap-view-framed .elementor-drop-cap, .elementor-widget-text-editor.elementor-drop-cap-view-default .elementor-drop-cap{color:var( --e-global-color-primary );border-color:var( --e-global-color-primary );}@media(max-width:1024px){.elementor-widget-text-editor{line-height:var( --e-global-typography-text-line-height );}}@media(max-width:767px){.elementor-widget-text-editor{line-height:var( --e-global-typography-text-line-height );}}<\/style>\t\t<div data-elementor-type=\"wp-page\" data-elementor-id=\"28\" class=\"elementor elementor-28\" data-elementor-post-type=\"page\">\n\t\t\t\t<div class=\"elementor-element elementor-element-d9d889b e-flex e-con-boxed e-con e-parent\" data-id=\"d9d889b\" data-element_type=\"container\">\n\t\t\t\t\t<div class=\"e-con-inner\">\n\t\t\t\t<div class=\"elementor-element elementor-element-c73cf91 elementor-widget elementor-widget-text-editor\" data-id=\"c73cf91\" data-element_type=\"widget\" data-widget_type=\"text-editor.default\">\n\t\t\t\t<div class=\"elementor-widget-container\">\n\t\t\t\t\t\t\t\t\t<p class=\"translation-block\">Projet promu par <em><strong>TIM-FASTWEB-HUAWEI<\/strong><\/em> qui pour sa r\u00e9alisation voit l'agr\u00e9gation de 7 Universit\u00e9s\/Centres de Recherche, 11 PA et 34 Entreprises de l'axe Bari-Matera, impliqu\u00e9s dans diff\u00e9rents domaines tels que : <em>Tourisme et Culture, Smart City et Smart Port , S\u00e9curit\u00e9 publique, Surveillance environnementale et patrimoniale, Industrie 4.0, Sant\u00e9 5.0, M\u00e9dias et r\u00e9alit\u00e9 virtuelle, Mobilit\u00e9 et s\u00e9curit\u00e9 routi\u00e8re, Agriculture intelligente<\/em>.<br>Dans le cadre de la Sant\u00e9 5.0, <strong>OPENET<\/strong>\u00a0est impliqu\u00e9 dans la cr\u00e9ation d'une plateforme d'<em>Enseignement en Milieu P\u00e9diatrique<\/em> bas\u00e9e sur la 5G.<\/p><div id=\"simple-translate\" class=\"simple-translate-system-theme\"><div><div class=\"simple-translate-button isShow\" style=\"background-image: url('moz-extension:\/\/6568a31a-5e11-4325-8b18-edaf52bd30c6\/icons\/512.png'); height: 22px; width: 22px; top: 2px; left: -11px;\">\u00a0<\/div><div class=\"simple-translate-panel\" style=\"width: 300px; height: 200px; top: 0px; left: 0px; font-size: 13px;\"><div class=\"simple-translate-result-wrapper\" style=\"overflow: hidden;\"><div class=\"simple-translate-move\" draggable=\"true\">\u00a0<\/div><div class=\"simple-translate-result-contents\"><p class=\"simple-translate-result\" dir=\"auto\">\u00a0<\/p><p class=\"simple-translate-candidate\" dir=\"auto\">\u00a0<\/p><\/div><\/div><\/div><\/div><\/div>\t\t\t\t\t\t\t\t<\/div>\n\t\t\t\t<\/div>\n\t\t\t\t\t<\/div>\n\t\t\t\t<\/div>\n\t\t\t\t<\/div>","protected":false},"excerpt":{"rendered":"<p>Progetto promosso da\u00a0TIM-FASTWEB-HUAWEI\u00a0che per la sua realizzazione vede l\u2019aggregazione di 7 Universit\u00e0\/Centri di Ricerca, 11 PA e 34 Imprese dell\u2019asse barese-materano, coinvolti in ambiti diversi quali:\u00a0Turismo e Cultura, Smart City e Smart Port, Public Safety, Monitoraggio Ambientale e del Patrimonio, Industria 4.0, Sanit\u00e0 5.0, Media e Realt\u00e0 Virtuale, Mobilit\u00e0 e Sicurezza Stradale, Smart Agriculture.Nell\u2019ambito della [&hellip;]<\/p>","protected":false},"author":1,"featured_media":991,"parent":0,"menu_order":0,"comment_status":"closed","ping_status":"closed","template":"","meta":{"footnotes":""},"class_list":["post-28","page","type-page","status-publish","has-post-thumbnail","hentry"],"aioseo_notices":[],"_links":{"self":[{"href":"https:\/\/openet.it\/fr\/wp-json\/wp\/v2\/pages\/28","targetHints":{"allow":["GET"]}}],"collection":[{"href":"https:\/\/openet.it\/fr\/wp-json\/wp\/v2\/pages"}],"about":[{"href":"https:\/\/openet.it\/fr\/wp-json\/wp\/v2\/types\/page"}],"author":[{"embeddable":true,"href":"https:\/\/openet.it\/fr\/wp-json\/wp\/v2\/users\/1"}],"replies":[{"embeddable":true,"href":"https:\/\/openet.it\/fr\/wp-json\/wp\/v2\/comments?post=28"}],"version-history":[{"count":0,"href":"https:\/\/openet.it\/fr\/wp-json\/wp\/v2\/pages\/28\/revisions"}],"wp:featuredmedia":[{"embeddable":true,"href":"https:\/\/openet.it\/fr\/wp-json\/wp\/v2\/media\/991"}],"wp:attachment":[{"href":"https:\/\/openet.it\/fr\/wp-json\/wp\/v2\/media?parent=28"}],"curies":[{"name":"wp","href":"https:\/\/api.w.org\/{rel}","templated":true}]}}