{"id":26,"date":"2025-01-10T11:43:14","date_gmt":"2025-01-10T11:43:14","guid":{"rendered":"https:\/\/openet.it\/?page_id=26"},"modified":"2025-10-02T15:15:20","modified_gmt":"2025-10-02T15:15:20","slug":"sparkme","status":"publish","type":"page","link":"https:\/\/openet.it\/fr\/sparkme\/","title":{"rendered":"SPARKme"},"content":{"rendered":"<style>.elementor-26 .elementor-element.elementor-element-8d925fe{--display:flex;}.elementor-widget-text-editor{font-family:var( --e-global-typography-text-font-family ), Sans-serif;font-weight:var( --e-global-typography-text-font-weight );line-height:var( --e-global-typography-text-line-height );color:var( --e-global-color-text );}.elementor-widget-text-editor.elementor-drop-cap-view-stacked .elementor-drop-cap{background-color:var( --e-global-color-primary );}.elementor-widget-text-editor.elementor-drop-cap-view-framed .elementor-drop-cap, .elementor-widget-text-editor.elementor-drop-cap-view-default .elementor-drop-cap{color:var( --e-global-color-primary );border-color:var( --e-global-color-primary );}@media(max-width:1024px){.elementor-widget-text-editor{line-height:var( --e-global-typography-text-line-height );}}@media(max-width:767px){.elementor-widget-text-editor{line-height:var( --e-global-typography-text-line-height );}}<\/style>\t\t<div data-elementor-type=\"wp-page\" data-elementor-id=\"26\" class=\"elementor elementor-26\" data-elementor-post-type=\"page\">\n\t\t\t\t<div class=\"elementor-element elementor-element-8d925fe e-flex e-con-boxed e-con e-parent\" data-id=\"8d925fe\" data-element_type=\"container\">\n\t\t\t\t\t<div class=\"e-con-inner\">\n\t\t\t\t<div class=\"elementor-element elementor-element-f86d06a elementor-widget elementor-widget-text-editor\" data-id=\"f86d06a\" data-element_type=\"widget\" data-widget_type=\"text-editor.default\">\n\t\t\t\t<div class=\"elementor-widget-container\">\n\t\t\t\t\t\t\t\t\t<p class=\"translation-block\"><strong>SPARKme<\/strong> est un <strong>Acc\u00e9l\u00e9rateur de Technologie<\/strong> n\u00e9 en <strong>Matera<\/strong> \u00e0 l'initiative de <strong>OPENET<\/strong>, une soci\u00e9t\u00e9 sp\u00e9cialis\u00e9e dans l'innovation technologique. L'objectif du projet est de cr\u00e9er un environnement dynamique pour favoriser l' <strong>transfert de technologie<\/strong>, <strong>d\u00e9veloppement des comp\u00e9tences et de l'innovation<\/strong>, avec un accent particulier sur les technologies de l'espace et sur l'utilisation des donn\u00e9es satellitaires pour g\u00e9n\u00e9rer des <strong>produits et services pour le march\u00e9<\/strong>.<br>Depuis sa cr\u00e9ation, SPARKme pourrait s'appuyer sur un solide r\u00e9seau de partenaires institutionnels, de plus haut niveau, y compris le<strong>l'Agence Spatiale italienne (ASI)<\/strong>,<strong>l'Agence Spatiale Europ\u00e9enne (ESA)<\/strong>,<strong> CNR<\/strong> et <strong>Fondation E4Impact<\/strong>. Ces collaborations ont permis de construire un \u00e9cosyst\u00e8me de fertilisation crois\u00e9e, dans lequel les diff\u00e9rents mondes scientifique, esprit d'entreprise, la technologie se m\u00ealent pour produire le b\u00e9ton de l'innovation.<br><strong>premier acc\u00e9l\u00e9rateur europ\u00e9en enti\u00e8rement d\u00e9di\u00e9 \u00e0 l'Espace d'Affaires<\/strong>, et est situ\u00e9 sur le territoire de la lucanie un environnement id\u00e9al, gr\u00e2ce \u00e0 la pr\u00e9sence de districts industriels, centres de recherche, universit\u00e9s entrepreneuriales et d'entrain.<br>L'h\u00f4tel dispose d'un <strong>confortable, des espaces de travail flexibles, des laboratoires de haute technologie<\/strong>, des salles pour des \u00e9v\u00e9nements et de la formation, les domaines de coworking et de d\u00e9tente, en plus des services professionnels, avanc\u00e9. Les b\u00e9n\u00e9ficiaires sont les <strong>d\u00e9marrage, les entreprises consolid\u00e9es, les pigistes, les innovateurs<\/strong> et <strong>la recherche et de la formation<\/strong>.<br>SPARKme fournit \u00e9galement <strong>services de conseil sp\u00e9cialiste de l'<\/strong>: support de d\u00e9marrage \u00e0 partir de l'id\u00e9e initiale jusqu'\u00e0 la mise en march\u00e9, \u00e0 travers le scoutisme, de coaching, de mentorat et de tutorat. Gr\u00e2ce au r\u00e9seau de OPENET, les entreprises sont assist\u00e9s dans <strong>financement<\/strong> et <strong>la participation \u00e0 des demandes de financement<\/strong>.<br>M\u00eame les entreprises qui sont d\u00e9j\u00e0 structur\u00e9s trouv\u00e9 dans SPARKme un alli\u00e9 pour la<strong>open innovation<\/strong>, gr\u00e2ce \u00e0 des programmes personnalis\u00e9s, hackathon, le scoutisme d\u00e9marrage et le d\u00e9veloppement de solutions sur mesure.<br>Enfin, SPARKme est aussi un <strong>espace de coworking moderne et inspirant<\/strong>, o\u00f9 les id\u00e9es, les personnes et la technologie se rencontrent pour cr\u00e9er de la valeur et de cr\u00e9er des opportunit\u00e9s d'affaires r\u00e9el. Un v\u00e9ritable <strong>l'\u00e9cosyst\u00e8me de l'innovation<\/strong>, et avec la vocation de l'espace, mais avec des racines fermement plant\u00e9es dans le territoire.<\/p><div class=\"notranslate\" style=\"all: initial;\">\u00a0<\/div>\t\t\t\t\t\t\t\t<\/div>\n\t\t\t\t<\/div>\n\t\t\t\t\t<\/div>\n\t\t\t\t<\/div>\n\t\t\t\t<\/div>","protected":false},"excerpt":{"rendered":"<p>SPARKme \u00e8 un Acceleratore Tecnologico nato a Matera su iniziativa di OPENET, azienda impegnata da anni nell\u2019innovazione tecnologica. L\u2019obiettivo del progetto \u00e8 creare un ambiente dinamico in cui favorire trasferimento tecnologico, sviluppo di competenze e innovazione, con un focus particolare sulle tecnologie spaziali e sull\u2019uso dei dati satellitari per generare prodotti e servizi destinati al [&hellip;]<\/p>","protected":false},"author":1,"featured_media":1226,"parent":0,"menu_order":0,"comment_status":"closed","ping_status":"closed","template":"","meta":{"footnotes":""},"class_list":["post-26","page","type-page","status-publish","has-post-thumbnail","hentry"],"aioseo_notices":[],"_links":{"self":[{"href":"https:\/\/openet.it\/fr\/wp-json\/wp\/v2\/pages\/26","targetHints":{"allow":["GET"]}}],"collection":[{"href":"https:\/\/openet.it\/fr\/wp-json\/wp\/v2\/pages"}],"about":[{"href":"https:\/\/openet.it\/fr\/wp-json\/wp\/v2\/types\/page"}],"author":[{"embeddable":true,"href":"https:\/\/openet.it\/fr\/wp-json\/wp\/v2\/users\/1"}],"replies":[{"embeddable":true,"href":"https:\/\/openet.it\/fr\/wp-json\/wp\/v2\/comments?post=26"}],"version-history":[{"count":0,"href":"https:\/\/openet.it\/fr\/wp-json\/wp\/v2\/pages\/26\/revisions"}],"wp:featuredmedia":[{"embeddable":true,"href":"https:\/\/openet.it\/fr\/wp-json\/wp\/v2\/media\/1226"}],"wp:attachment":[{"href":"https:\/\/openet.it\/fr\/wp-json\/wp\/v2\/media?parent=26"}],"curies":[{"name":"wp","href":"https:\/\/api.w.org\/{rel}","templated":true}]}}