{"id":24,"date":"2025-01-10T11:42:45","date_gmt":"2025-01-10T11:42:45","guid":{"rendered":"https:\/\/openet.it\/?page_id=24"},"modified":"2025-10-02T14:12:43","modified_gmt":"2025-10-02T14:12:43","slug":"e-government","status":"publish","type":"page","link":"https:\/\/openet.it\/fr\/e-government\/","title":{"rendered":"E-Government"},"content":{"rendered":"<style>.elementor-24 .elementor-element.elementor-element-e82fa98{--display:flex;}.elementor-widget-text-editor{font-family:var( --e-global-typography-text-font-family ), Sans-serif;font-weight:var( --e-global-typography-text-font-weight );line-height:var( --e-global-typography-text-line-height );color:var( --e-global-color-text );}.elementor-widget-text-editor.elementor-drop-cap-view-stacked .elementor-drop-cap{background-color:var( --e-global-color-primary );}.elementor-widget-text-editor.elementor-drop-cap-view-framed .elementor-drop-cap, .elementor-widget-text-editor.elementor-drop-cap-view-default .elementor-drop-cap{color:var( --e-global-color-primary );border-color:var( --e-global-color-primary );}@media(max-width:1024px){.elementor-widget-text-editor{line-height:var( --e-global-typography-text-line-height );}}@media(max-width:767px){.elementor-widget-text-editor{line-height:var( --e-global-typography-text-line-height );}}<\/style>\t\t<div data-elementor-type=\"wp-page\" data-elementor-id=\"24\" class=\"elementor elementor-24\" data-elementor-post-type=\"page\">\n\t\t\t\t<div class=\"elementor-element elementor-element-e82fa98 e-flex e-con-boxed e-con e-parent\" data-id=\"e82fa98\" data-element_type=\"container\">\n\t\t\t\t\t<div class=\"e-con-inner\">\n\t\t\t\t<div class=\"elementor-element elementor-element-36f7e72 elementor-widget elementor-widget-text-editor\" data-id=\"36f7e72\" data-element_type=\"widget\" data-widget_type=\"text-editor.default\">\n\t\t\t\t<div class=\"elementor-widget-container\">\n\t\t\t\t\t\t\t\t\t<p class=\"translation-block\">E-gouvernement repr\u00e9sente aujourd'hui une <strong>instrument cl\u00e9 de la modernisation de l'Administration Publique<\/strong>, en se concentrant sur<strong>l'utilisation des TIC pour accro\u00eetre l'efficacit\u00e9<\/strong>, de simplifier les proc\u00e9dures et \u00e0 am\u00e9liorer la relation entre les citoyens et les institutions. Dans ce contexte, <strong>Openet<\/strong> est connu comme <strong>partenaire strat\u00e9gique des entreprises et des Institutions publiques, proposant des solutions num\u00e9riques pour optimiser les services et \u00e0 contenir les co\u00fbts<\/strong>.<\/p><p class=\"translation-block\">La soci\u00e9t\u00e9 prend en charge la PA dans le processus de l'informatisation des syst\u00e8mes internes et dans le d\u00e9veloppement de services num\u00e9riques-ville ax\u00e9e sur les. <strong>Openet fournit une offre compl\u00e8te, de la conception et du d\u00e9veloppement de logiciels, et la construction de r\u00e9seaux de, jusqu'\u00e0 la mise en \u0153uvre et la gestion de solutions<\/strong>. Ses services s'\u00e9tendent \u00e0 plus de <strong>domaines cl\u00e9s:<\/strong> la <strong>gestion des, \u00e9lectorales le contr\u00f4le du territoire, de l'e-sant\u00e9 et de la formation<\/strong>. Chaque projet est g\u00e9r\u00e9 par un personnel hautement qualifi\u00e9, avec l'objectif de garantir des r\u00e9sultats concrets et durables. Le mod\u00e8le propos\u00e9 par <strong>Openet fait la promotion d'une administration plus transparente, accessible et r\u00e9actif<\/strong>. <br>De cette fa\u00e7on, l'e-gouvernement n'est pas seulement la technologie, mais une r\u00e9elle am\u00e9lioration de la qualit\u00e9 de vie des citoyens.<\/p>\t\t\t\t\t\t\t\t<\/div>\n\t\t\t\t<\/div>\n\t\t\t\t\t<\/div>\n\t\t\t\t<\/div>\n\t\t\t\t<\/div>","protected":false},"excerpt":{"rendered":"<p>L\u2019e-government rappresenta oggi uno strumento fondamentale per la modernizzazione della Pubblica Amministrazione, puntando sull\u2019utilizzo delle tecnologie ICT per aumentare l\u2019efficienza, semplificare le procedure e migliorare il rapporto tra cittadino e istituzioni. In questo contesto, Openet si distingue come partner strategico per Enti e Istituzioni pubbliche, offrendo soluzioni digitali innovative volte a ottimizzare i servizi e [&hellip;]<\/p>","protected":false},"author":1,"featured_media":987,"parent":0,"menu_order":0,"comment_status":"closed","ping_status":"closed","template":"","meta":{"footnotes":""},"class_list":["post-24","page","type-page","status-publish","has-post-thumbnail","hentry"],"aioseo_notices":[],"_links":{"self":[{"href":"https:\/\/openet.it\/fr\/wp-json\/wp\/v2\/pages\/24","targetHints":{"allow":["GET"]}}],"collection":[{"href":"https:\/\/openet.it\/fr\/wp-json\/wp\/v2\/pages"}],"about":[{"href":"https:\/\/openet.it\/fr\/wp-json\/wp\/v2\/types\/page"}],"author":[{"embeddable":true,"href":"https:\/\/openet.it\/fr\/wp-json\/wp\/v2\/users\/1"}],"replies":[{"embeddable":true,"href":"https:\/\/openet.it\/fr\/wp-json\/wp\/v2\/comments?post=24"}],"version-history":[{"count":0,"href":"https:\/\/openet.it\/fr\/wp-json\/wp\/v2\/pages\/24\/revisions"}],"wp:featuredmedia":[{"embeddable":true,"href":"https:\/\/openet.it\/fr\/wp-json\/wp\/v2\/media\/987"}],"wp:attachment":[{"href":"https:\/\/openet.it\/fr\/wp-json\/wp\/v2\/media?parent=24"}],"curies":[{"name":"wp","href":"https:\/\/api.w.org\/{rel}","templated":true}]}}