{"id":22,"date":"2025-01-10T11:42:20","date_gmt":"2025-01-10T11:42:20","guid":{"rendered":"https:\/\/openet.it\/?page_id=22"},"modified":"2025-10-02T13:56:42","modified_gmt":"2025-10-02T13:56:42","slug":"open-government","status":"publish","type":"page","link":"https:\/\/openet.it\/fr\/open-government\/","title":{"rendered":"Openet Government"},"content":{"rendered":"<style>.elementor-22 .elementor-element.elementor-element-8f2a774{--display:flex;}.elementor-widget-text-editor{font-family:var( --e-global-typography-text-font-family ), Sans-serif;font-weight:var( --e-global-typography-text-font-weight );line-height:var( --e-global-typography-text-line-height );color:var( --e-global-color-text );}.elementor-widget-text-editor.elementor-drop-cap-view-stacked .elementor-drop-cap{background-color:var( --e-global-color-primary );}.elementor-widget-text-editor.elementor-drop-cap-view-framed .elementor-drop-cap, .elementor-widget-text-editor.elementor-drop-cap-view-default .elementor-drop-cap{color:var( --e-global-color-primary );border-color:var( --e-global-color-primary );}@media(max-width:1024px){.elementor-widget-text-editor{line-height:var( --e-global-typography-text-line-height );}}@media(max-width:767px){.elementor-widget-text-editor{line-height:var( --e-global-typography-text-line-height );}}<\/style>\t\t<div data-elementor-type=\"wp-page\" data-elementor-id=\"22\" class=\"elementor elementor-22\" data-elementor-post-type=\"page\">\n\t\t\t\t<div class=\"elementor-element elementor-element-8f2a774 e-flex e-con-boxed e-con e-parent\" data-id=\"8f2a774\" data-element_type=\"container\">\n\t\t\t\t\t<div class=\"e-con-inner\">\n\t\t\t\t<div class=\"elementor-element elementor-element-3ca8b20 elementor-widget elementor-widget-text-editor\" data-id=\"3ca8b20\" data-element_type=\"widget\" data-widget_type=\"text-editor.default\">\n\t\t\t\t<div class=\"elementor-widget-container\">\n\t\t\t\t\t\t\t\t\t<p class=\"translation-block\"><strong>Openet Technologies<\/strong> est en mesure de combiner technologique de l'exp\u00e9rience et de l'expertise de <strong>d\u00e9velopper des solutions TIC<\/strong>, con\u00e7u pour les besoins des administrations publiques aux niveaux local, national et europ\u00e9en. La soci\u00e9t\u00e9 se concentre sur les syst\u00e8mes de TIC et des outils de communication novateurs de la t\u00e9l\u00e9vision et des m\u00e9dias.<\/p><p class=\"translation-block\">Cette approche rend <strong>Openet<\/strong> un <strong>un seul point de r\u00e9f\u00e9rence dans le secteur de la communication institutionnelle<\/strong>. Sa mission est de favoriser une plus imm\u00e9diate, accessible et interactive, ce qui est essentiel pour la promotion de l'e-d\u00e9mocratie. <br \/>Le technologique le soutien \u00e0 la participation civique est aujourd'hui un r\u00f4le dans la croissance, de plus en plus valoris\u00e9e par les gouvernements et les organismes internationaux. <strong>Openet a \u00e9tabli des partenariats strat\u00e9giques avec les institutions et administrations publiques, la conception de solutions qui informatizzano l'acc\u00e8s aux services pour les citoyens et les entreprises<\/strong>. Dans le m\u00eame temps, <strong>investissement dans les outils de communication adapt\u00e9s aux besoins de l'autorit\u00e9 palestinienne<\/strong>. De cette fa\u00e7on, les institutions deviennent les protagonistes de leur d\u00e9veloppement num\u00e9rique, allant au-del\u00e0 de la simple communication formelle. <br><strong>cible est une administration plus moderne, ouvert, et proche du citoyen<\/strong>.<\/p>\t\t\t\t\t\t\t\t<\/div>\n\t\t\t\t<\/div>\n\t\t\t\t\t<\/div>\n\t\t\t\t<\/div>\n\t\t\t\t<\/div>","protected":false},"excerpt":{"rendered":"<p>Openet Technologies sa unire esperienza tecnologica e competenze settoriali per sviluppare soluzioni ICT avanzate, pensate per le esigenze delle pubbliche amministrazioni a livello locale, nazionale ed europeo. L\u2019azienda punta su sistemi ICT innovativi e strumenti di comunicazione satellitare e multimediale. Questo approccio rende Openet un punto di riferimento unico nel settore della comunicazione istituzionale. La [&hellip;]<\/p>","protected":false},"author":1,"featured_media":986,"parent":0,"menu_order":0,"comment_status":"closed","ping_status":"closed","template":"","meta":{"footnotes":""},"class_list":["post-22","page","type-page","status-publish","has-post-thumbnail","hentry"],"aioseo_notices":[],"_links":{"self":[{"href":"https:\/\/openet.it\/fr\/wp-json\/wp\/v2\/pages\/22","targetHints":{"allow":["GET"]}}],"collection":[{"href":"https:\/\/openet.it\/fr\/wp-json\/wp\/v2\/pages"}],"about":[{"href":"https:\/\/openet.it\/fr\/wp-json\/wp\/v2\/types\/page"}],"author":[{"embeddable":true,"href":"https:\/\/openet.it\/fr\/wp-json\/wp\/v2\/users\/1"}],"replies":[{"embeddable":true,"href":"https:\/\/openet.it\/fr\/wp-json\/wp\/v2\/comments?post=22"}],"version-history":[{"count":0,"href":"https:\/\/openet.it\/fr\/wp-json\/wp\/v2\/pages\/22\/revisions"}],"wp:featuredmedia":[{"embeddable":true,"href":"https:\/\/openet.it\/fr\/wp-json\/wp\/v2\/media\/986"}],"wp:attachment":[{"href":"https:\/\/openet.it\/fr\/wp-json\/wp\/v2\/media?parent=22"}],"curies":[{"name":"wp","href":"https:\/\/api.w.org\/{rel}","templated":true}]}}