{"id":18,"date":"2025-01-10T11:41:03","date_gmt":"2025-01-10T11:41:03","guid":{"rendered":"https:\/\/openet.it\/?page_id=18"},"modified":"2025-10-01T15:54:41","modified_gmt":"2025-10-01T15:54:41","slug":"multimedia","status":"publish","type":"page","link":"https:\/\/openet.it\/fr\/multimedia\/","title":{"rendered":"Multimedia"},"content":{"rendered":"<style>.elementor-18 .elementor-element.elementor-element-17ce08d{--display:flex;}.elementor-widget-text-editor{font-family:var( --e-global-typography-text-font-family ), Sans-serif;font-weight:var( --e-global-typography-text-font-weight );line-height:var( --e-global-typography-text-line-height );color:var( --e-global-color-text );}.elementor-widget-text-editor.elementor-drop-cap-view-stacked .elementor-drop-cap{background-color:var( --e-global-color-primary );}.elementor-widget-text-editor.elementor-drop-cap-view-framed .elementor-drop-cap, .elementor-widget-text-editor.elementor-drop-cap-view-default .elementor-drop-cap{color:var( --e-global-color-primary );border-color:var( --e-global-color-primary );}@media(max-width:1024px){.elementor-widget-text-editor{line-height:var( --e-global-typography-text-line-height );}}@media(max-width:767px){.elementor-widget-text-editor{line-height:var( --e-global-typography-text-line-height );}}<\/style>\t\t<div data-elementor-type=\"wp-page\" data-elementor-id=\"18\" class=\"elementor elementor-18\" data-elementor-post-type=\"page\">\n\t\t\t\t<div class=\"elementor-element elementor-element-17ce08d e-flex e-con-boxed e-con e-parent\" data-id=\"17ce08d\" data-element_type=\"container\">\n\t\t\t\t\t<div class=\"e-con-inner\">\n\t\t\t\t<div class=\"elementor-element elementor-element-bdf0aa3 elementor-widget elementor-widget-text-editor\" data-id=\"bdf0aa3\" data-element_type=\"widget\" data-widget_type=\"text-editor.default\">\n\t\t\t\t<div class=\"elementor-widget-container\">\n\t\t\t\t\t\t\t\t\t<p class=\"translation-block\">Gr\u00e2ce \u00e0 l'exp\u00e9rience consolid\u00e9e dans le secteur des t\u00e9l\u00e9communications et le d\u00e9veloppement de solutions logicielles propri\u00e9taires, <strong>Openet a d\u00e9fini une approche innovante de la communication<\/strong>, capable de s'adapter \u00e0 l'\u00e9volution continue des syst\u00e8mes d'information.<\/p><p class=\"translation-block\">La soci\u00e9t\u00e9 offre des services qui vous permettent de <strong>l'am\u00e9lioration de la communication d'entreprise<\/strong> par le biais d'outils num\u00e9riques int\u00e9gr\u00e9s, de r\u00e9pondre en temps r\u00e9el aux besoins de la diffusion du contenu sur le <strong>plates-formes web et les m\u00e9dias sociaux<\/strong>.<\/p><p class=\"translation-block\">Openet est en mesure de fournir une assistance compl\u00e8te, allant de <strong>design<\/strong> \u00e0 <strong>production vid\u00e9o et audio<\/strong>, jusqu'\u00e0 ce que la <strong>gestion de la distribution num\u00e9rique<\/strong>, permettant un communicative exp\u00e9rience coh\u00e9rente et de s'engager sur tous les canaux utilis\u00e9s.<\/p><p class=\"translation-block\"><strong>Principales t\u00e2ches<\/strong>:<br>\u2022 <strong>\u00c9ducation<\/strong><br>les Outils num\u00e9riques pour la formation et l'\u00e9ducation, avec des solutions int\u00e9gr\u00e9es pour la cr\u00e9ation et la diffusion de contenus \u00e9ducatifs pour tous les m\u00e9dias.<\/p>\t\t\t\t\t\t\t\t<\/div>\n\t\t\t\t<\/div>\n\t\t\t\t\t<\/div>\n\t\t\t\t<\/div>\n\t\t\t\t<\/div>","protected":false},"excerpt":{"rendered":"<p>Grazie alla consolidata esperienza nel settore delle telecomunicazioni e allo sviluppo di soluzioni software proprietarie, Openet ha definito un approccio innovativo alla comunicazione, in grado di adattarsi all\u2019evoluzione continua dei sistemi informativi. L\u2019azienda offre servizi che consentono di potenziare la comunicazione aziendale attraverso strumenti digitali integrati, rispondendo in tempo reale alle esigenze di diffusione dei [&hellip;]<\/p>","protected":false},"author":1,"featured_media":983,"parent":0,"menu_order":0,"comment_status":"closed","ping_status":"closed","template":"","meta":{"footnotes":""},"class_list":["post-18","page","type-page","status-publish","has-post-thumbnail","hentry"],"aioseo_notices":[],"_links":{"self":[{"href":"https:\/\/openet.it\/fr\/wp-json\/wp\/v2\/pages\/18","targetHints":{"allow":["GET"]}}],"collection":[{"href":"https:\/\/openet.it\/fr\/wp-json\/wp\/v2\/pages"}],"about":[{"href":"https:\/\/openet.it\/fr\/wp-json\/wp\/v2\/types\/page"}],"author":[{"embeddable":true,"href":"https:\/\/openet.it\/fr\/wp-json\/wp\/v2\/users\/1"}],"replies":[{"embeddable":true,"href":"https:\/\/openet.it\/fr\/wp-json\/wp\/v2\/comments?post=18"}],"version-history":[{"count":0,"href":"https:\/\/openet.it\/fr\/wp-json\/wp\/v2\/pages\/18\/revisions"}],"wp:featuredmedia":[{"embeddable":true,"href":"https:\/\/openet.it\/fr\/wp-json\/wp\/v2\/media\/983"}],"wp:attachment":[{"href":"https:\/\/openet.it\/fr\/wp-json\/wp\/v2\/media?parent=18"}],"curies":[{"name":"wp","href":"https:\/\/api.w.org\/{rel}","templated":true}]}}