{"id":1568,"date":"2025-11-18T07:24:07","date_gmt":"2025-11-18T07:24:07","guid":{"rendered":"https:\/\/openet.it\/?page_id=1568"},"modified":"2025-11-18T09:12:41","modified_gmt":"2025-11-18T09:12:41","slug":"smart-city","status":"publish","type":"page","link":"https:\/\/openet.it\/fr\/smart-city\/","title":{"rendered":"SMART CITY"},"content":{"rendered":"<style>.elementor-1568 .elementor-element.elementor-element-45514db{--display:flex;}.elementor-widget-text-editor{font-family:var( --e-global-typography-text-font-family ), Sans-serif;font-weight:var( --e-global-typography-text-font-weight );line-height:var( --e-global-typography-text-line-height );color:var( --e-global-color-text );}.elementor-widget-text-editor.elementor-drop-cap-view-stacked .elementor-drop-cap{background-color:var( --e-global-color-primary );}.elementor-widget-text-editor.elementor-drop-cap-view-framed .elementor-drop-cap, .elementor-widget-text-editor.elementor-drop-cap-view-default .elementor-drop-cap{color:var( --e-global-color-primary );border-color:var( --e-global-color-primary );}@media(max-width:1024px){.elementor-widget-text-editor{line-height:var( --e-global-typography-text-line-height );}}@media(max-width:767px){.elementor-widget-text-editor{line-height:var( --e-global-typography-text-line-height );}}<\/style>\t\t<div data-elementor-type=\"wp-page\" data-elementor-id=\"1568\" class=\"elementor elementor-1568\" data-elementor-post-type=\"page\">\n\t\t\t\t<div class=\"elementor-element elementor-element-45514db e-flex e-con-boxed e-con e-parent\" data-id=\"45514db\" data-element_type=\"container\">\n\t\t\t\t\t<div class=\"e-con-inner\">\n\t\t\t\t<div class=\"elementor-element elementor-element-6c60b73 elementor-widget elementor-widget-text-editor\" data-id=\"6c60b73\" data-element_type=\"widget\" data-widget_type=\"text-editor.default\">\n\t\t\t\t<div class=\"elementor-widget-container\">\n\t\t\t\t\t\t\t\t\t<p>Une initiative visant \u00e0 d\u00e9velopper des solutions technologiques avanc\u00e9es pour une gestion intelligente et durable des contextes urbains. Le projet, qui a \u00e9t\u00e9 men\u00e9 \u00e0 bien avec succ\u00e8s, a impliqu\u00e9 plusieurs partenaires publics et priv\u00e9s et visait \u00e0 transformer les villes en environnements plus efficaces, connect\u00e9s et agr\u00e9ables \u00e0 vivre.<\/p><p class=\"translation-block\">Dans le cadre de ce projet, Openet a mis \u00e0 disposition son expertise dans les domaines de l'<strong>IoT urbain, des r\u00e9seaux de capteurs, de la gestion des donn\u00e9es en temps r\u00e9el et du d\u00e9veloppement de plateformes num\u00e9riques interop\u00e9rables<\/strong>.<\/p><p class=\"translation-block\">L'entreprise a con\u00e7u et d\u00e9velopp\u00e9 des composants logiciels pour l'int\u00e9gration et l'analyse des donn\u00e9es provenant de syst\u00e8mes urbains h\u00e9t\u00e9rog\u00e8nes (\u00e9clairage, circulation, pollution atmosph\u00e9rique, d\u00e9chets), contribuant ainsi \u00e0 la cr\u00e9ation d'un <strong>tableau de bord centralis\u00e9<\/strong> pour la surveillance intelligente de la ville.<\/p><p class=\"translation-block\">Openet a \u00e9galement supervis\u00e9 la mise en \u0153uvre de <strong>mod\u00e8les pr\u00e9dictifs<\/strong> bas\u00e9s sur des algorithmes d'intelligence artificielle, destin\u00e9s \u00e0 soutenir les d\u00e9cisions de l'administration publique en mati\u00e8re d'efficacit\u00e9 \u00e9nerg\u00e9tique, de durabilit\u00e9 environnementale et d'am\u00e9lioration des services aux citoyens. <br>En participant aux <strong>laboratoires vivants<\/strong> urbains pr\u00e9vus par le projet, Openet a collabor\u00e9 \u00e0 l'exp\u00e9rimentation de solutions dans des environnements r\u00e9els, contribuant \u00e0 leur perfectionnement en fonction des commentaires des parties prenantes locales.<\/p><p class=\"translation-block\">La conclusion du projet SMART CITY a permis \u00e0 Openet Technologies de consolider sa position dans le secteur des <strong>technologies des villes intelligentes<\/strong>, confirmant son engagement en faveur de l\u2019<strong>innovation num\u00e9rique pour soutenir une transformation urbaine durable<\/strong>.<\/p>\t\t\t\t\t\t\t\t<\/div>\n\t\t\t\t<\/div>\n\t\t\t\t\t<\/div>\n\t\t\t\t<\/div>\n\t\t\t\t<\/div>","protected":false},"excerpt":{"rendered":"<p>Un&#8217;iniziativa finalizzata allo sviluppo di soluzioni tecnologiche avanzate per la gestione intelligente e sostenibile dei contesti urbani. Il progetto, conclusosi con successo, ha coinvolto diversi partner pubblici e privati ed \u00e8 stato orientato a trasformare le citt\u00e0 in ambienti pi\u00f9 efficienti, connessi e vivibili. Nel contesto del progetto, Openet ha messo a disposizione le proprie [&hellip;]<\/p>","protected":false},"author":1,"featured_media":1569,"parent":0,"menu_order":0,"comment_status":"closed","ping_status":"closed","template":"","meta":{"footnotes":""},"class_list":["post-1568","page","type-page","status-publish","has-post-thumbnail","hentry"],"aioseo_notices":[],"_links":{"self":[{"href":"https:\/\/openet.it\/fr\/wp-json\/wp\/v2\/pages\/1568","targetHints":{"allow":["GET"]}}],"collection":[{"href":"https:\/\/openet.it\/fr\/wp-json\/wp\/v2\/pages"}],"about":[{"href":"https:\/\/openet.it\/fr\/wp-json\/wp\/v2\/types\/page"}],"author":[{"embeddable":true,"href":"https:\/\/openet.it\/fr\/wp-json\/wp\/v2\/users\/1"}],"replies":[{"embeddable":true,"href":"https:\/\/openet.it\/fr\/wp-json\/wp\/v2\/comments?post=1568"}],"version-history":[{"count":10,"href":"https:\/\/openet.it\/fr\/wp-json\/wp\/v2\/pages\/1568\/revisions"}],"predecessor-version":[{"id":1579,"href":"https:\/\/openet.it\/fr\/wp-json\/wp\/v2\/pages\/1568\/revisions\/1579"}],"wp:featuredmedia":[{"embeddable":true,"href":"https:\/\/openet.it\/fr\/wp-json\/wp\/v2\/media\/1569"}],"wp:attachment":[{"href":"https:\/\/openet.it\/fr\/wp-json\/wp\/v2\/media?parent=1568"}],"curies":[{"name":"wp","href":"https:\/\/api.w.org\/{rel}","templated":true}]}}