{"id":1556,"date":"2025-11-17T16:27:41","date_gmt":"2025-11-17T16:27:41","guid":{"rendered":"https:\/\/openet.it\/?page_id=1556"},"modified":"2025-11-17T16:48:04","modified_gmt":"2025-11-17T16:48:04","slug":"ot4clima","status":"publish","type":"page","link":"https:\/\/openet.it\/fr\/ot4clima\/","title":{"rendered":"OT4CLIMA"},"content":{"rendered":"<style>.elementor-1556 .elementor-element.elementor-element-8c43835{--display:flex;}.elementor-widget-text-editor{font-family:var( --e-global-typography-text-font-family ), Sans-serif;font-weight:var( --e-global-typography-text-font-weight );line-height:var( --e-global-typography-text-line-height );color:var( --e-global-color-text );}.elementor-widget-text-editor.elementor-drop-cap-view-stacked .elementor-drop-cap{background-color:var( --e-global-color-primary );}.elementor-widget-text-editor.elementor-drop-cap-view-framed .elementor-drop-cap, .elementor-widget-text-editor.elementor-drop-cap-view-default .elementor-drop-cap{color:var( --e-global-color-primary );border-color:var( --e-global-color-primary );}@media(max-width:1024px){.elementor-widget-text-editor{line-height:var( --e-global-typography-text-line-height );}}@media(max-width:767px){.elementor-widget-text-editor{line-height:var( --e-global-typography-text-line-height );}}<\/style>\t\t<div data-elementor-type=\"wp-page\" data-elementor-id=\"1556\" class=\"elementor elementor-1556\" data-elementor-post-type=\"page\">\n\t\t\t\t<div class=\"elementor-element elementor-element-8c43835 e-flex e-con-boxed e-con e-parent\" data-id=\"8c43835\" data-element_type=\"container\">\n\t\t\t\t\t<div class=\"e-con-inner\">\n\t\t\t\t<div class=\"elementor-element elementor-element-9d67b7e elementor-widget elementor-widget-text-editor\" data-id=\"9d67b7e\" data-element_type=\"widget\" data-widget_type=\"text-editor.default\">\n\t\t\t\t<div class=\"elementor-widget-container\">\n\t\t\t\t\t\t\t\t\t<p class=\"translation-block\"><strong>OT4CLIMA<\/strong> est un projet strat\u00e9gique visant \u00e0 <strong>le d\u00e9veloppement de technologies innovantes pour l'observation de la Terre<\/strong>, et le d\u00e9veloppement de services utiles \u00e0 la<strong>l'adaptation et l'att\u00e9nuation du changement climatique<\/strong>. L'initiative a int\u00e9gr\u00e9 l'expertise scientifique et de solutions technologiques pour am\u00e9liorer la capacit\u00e9 de surveiller la zone, afin d'\u00e9valuer les risques pour l'environnement, et pour appuyer les d\u00e9cisions de l'am\u00e9nagement durable.<\/p><p class=\"translation-block\"><strong>Openet Technologies S. p.Un.<\/strong> a jou\u00e9 un r\u00f4le cl\u00e9 dans le projet, contribuant \u00e0 son expertise dans le champ <strong>TIC, de la t\u00e9l\u00e9d\u00e9tection, de la gestion des donn\u00e9es g\u00e9ospatiales et le d\u00e9veloppement de plateformes num\u00e9riques<\/strong>.<\/p><p>En particulier, Openet a:<\/p><ul><li class=\"translation-block\">ont particip\u00e9 \u00e0 l'\u00e9laboration de <strong>plates-formes de WebGIS<\/strong> pour la visualisation et l'analyse des indicateurs du climat et des risques;<\/li><li class=\"translation-block\">ont particip\u00e9 \u00e0 l'\u00e9laboration de <strong>plates-formes de WebGIS<\/strong> pour la visualisation et l'analyse des indicateurs du climat et des risques;<\/li><li class=\"translation-block\">les solutions mises en \u0153uvre pour <strong>interactive des donn\u00e9es par les pouvoirs publics, les d\u00e9cideurs et les citoyens<\/strong>, en encourageant la diffusion d'une culture du risque et de l'adaptation.<\/li><\/ul><p class=\"translation-block\"><br>Les solutions d\u00e9velopp\u00e9es par Openet fait qu'il est possible pour un <strong>la collecte de donn\u00e9es et l'analyse de l'environnement plus efficace des donn\u00e9es<\/strong>, par le soutien \u00e0 des actions cibl\u00e9es dans les domaines de l'agriculture, de la gestion des ressources en eau, de la pr\u00e9vention des catastrophes naturelles et de la protection du territoire.<\/p><p class=\"translation-block\">Gr\u00e2ce \u00e0 ce projet OT4CLIMA, Openet Technologies a renforc\u00e9 son engagement \u00e0 la<strong>l'innovation au service de la durabilit\u00e9<\/strong>, prouvant la valeur des technologies num\u00e9riques \u00e0 relever les d\u00e9fis de l'environnement et du climat du futur.<\/p>\t\t\t\t\t\t\t\t<\/div>\n\t\t\t\t<\/div>\n\t\t\t\t\t<\/div>\n\t\t\t\t<\/div>\n\t\t\t\t<\/div>","protected":false},"excerpt":{"rendered":"<p>OT4CLIMA \u00e8 un progetto strategico finalizzato allo sviluppo di tecnologie innovative per l\u2019osservazione della Terra e l\u2019elaborazione di servizi utili all\u2019adattamento e mitigazione dei cambiamenti climatici. L\u2019iniziativa ha integrato competenze scientifiche e soluzioni tecnologiche per migliorare la capacit\u00e0 di monitorare il territorio, valutare i rischi ambientali e supportare le decisioni di pianificazione sostenibile. Openet Technologies [&hellip;]<\/p>","protected":false},"author":1,"featured_media":1563,"parent":0,"menu_order":0,"comment_status":"closed","ping_status":"closed","template":"","meta":{"footnotes":""},"class_list":["post-1556","page","type-page","status-publish","has-post-thumbnail","hentry"],"aioseo_notices":[],"_links":{"self":[{"href":"https:\/\/openet.it\/fr\/wp-json\/wp\/v2\/pages\/1556","targetHints":{"allow":["GET"]}}],"collection":[{"href":"https:\/\/openet.it\/fr\/wp-json\/wp\/v2\/pages"}],"about":[{"href":"https:\/\/openet.it\/fr\/wp-json\/wp\/v2\/types\/page"}],"author":[{"embeddable":true,"href":"https:\/\/openet.it\/fr\/wp-json\/wp\/v2\/users\/1"}],"replies":[{"embeddable":true,"href":"https:\/\/openet.it\/fr\/wp-json\/wp\/v2\/comments?post=1556"}],"version-history":[{"count":5,"href":"https:\/\/openet.it\/fr\/wp-json\/wp\/v2\/pages\/1556\/revisions"}],"predecessor-version":[{"id":1565,"href":"https:\/\/openet.it\/fr\/wp-json\/wp\/v2\/pages\/1556\/revisions\/1565"}],"wp:featuredmedia":[{"embeddable":true,"href":"https:\/\/openet.it\/fr\/wp-json\/wp\/v2\/media\/1563"}],"wp:attachment":[{"href":"https:\/\/openet.it\/fr\/wp-json\/wp\/v2\/media?parent=1556"}],"curies":[{"name":"wp","href":"https:\/\/api.w.org\/{rel}","templated":true}]}}