{"id":1549,"date":"2025-11-17T16:05:12","date_gmt":"2025-11-17T16:05:12","guid":{"rendered":"https:\/\/openet.it\/?page_id=1549"},"modified":"2025-11-17T16:10:40","modified_gmt":"2025-11-17T16:10:40","slug":"net-eco","status":"publish","type":"page","link":"https:\/\/openet.it\/fr\/net-eco\/","title":{"rendered":"NET-ECO"},"content":{"rendered":"<style>.elementor-1549 .elementor-element.elementor-element-b0ce387{--display:flex;}.elementor-widget-text-editor{font-family:var( --e-global-typography-text-font-family ), Sans-serif;font-weight:var( --e-global-typography-text-font-weight );line-height:var( --e-global-typography-text-line-height );color:var( --e-global-color-text );}.elementor-widget-text-editor.elementor-drop-cap-view-stacked .elementor-drop-cap{background-color:var( --e-global-color-primary );}.elementor-widget-text-editor.elementor-drop-cap-view-framed .elementor-drop-cap, .elementor-widget-text-editor.elementor-drop-cap-view-default .elementor-drop-cap{color:var( --e-global-color-primary );border-color:var( --e-global-color-primary );}@media(max-width:1024px){.elementor-widget-text-editor{line-height:var( --e-global-typography-text-line-height );}}@media(max-width:767px){.elementor-widget-text-editor{line-height:var( --e-global-typography-text-line-height );}}<\/style>\t\t<div data-elementor-type=\"wp-page\" data-elementor-id=\"1549\" class=\"elementor elementor-1549\" data-elementor-post-type=\"page\">\n\t\t\t\t<div class=\"elementor-element elementor-element-b0ce387 e-flex e-con-boxed e-con e-parent\" data-id=\"b0ce387\" data-element_type=\"container\">\n\t\t\t\t\t<div class=\"e-con-inner\">\n\t\t\t\t<div class=\"elementor-element elementor-element-2980b38 elementor-widget elementor-widget-text-editor\" data-id=\"2980b38\" data-element_type=\"widget\" data-widget_type=\"text-editor.default\">\n\t\t\t\t<div class=\"elementor-widget-container\">\n\t\t\t\t\t\t\t\t\t<p class=\"translation-block\"><strong>Openet Technologies S. p.Un.<\/strong> a jou\u00e9 un r\u00f4le central dans le projet, contribuant \u00e0 leur expertise dans le domaine de la<strong>TIC, l'Internet des objets (Ido), le cloud computing et des syst\u00e8mes de surveillance<\/strong>.<\/p><p><strong>Openet Technologies S.p.A.<\/strong> ha svolto un ruolo centrale nel progetto, contribuendo con la propria expertise nel campo dell\u2019<strong>ICT, dell\u2019Internet of Things (IoT), del cloud computing e dei sistemi di monitoraggio<\/strong>.<\/p><p>Parmi les principales activit\u00e9s r\u00e9alis\u00e9es par Openet:<\/p><ul><li class=\"translation-block\">le d\u00e9veloppement de <strong>plates-formes logicielles pour la gestion en temps r\u00e9el des flux d'\u00e9nergie<\/strong>;<\/li><li class=\"translation-block\">la conception de la <strong>cloud d'infrastructure pour la collecte, le traitement et l'analyse des Big Data<\/strong> \u00e0 partir de capteurs et des p\u00e9riph\u00e9riques sur le r\u00e9seau;<\/li><li class=\"translation-block\">la mise en \u0153uvre de <strong>des interfaces utilisateur et des tableaux de bord interactifs<\/strong> pour les op\u00e9rateurs et les op\u00e9rateurs de r\u00e9seau;<\/li><li class=\"translation-block\">demande de <strong>pr\u00e9dictive des mod\u00e8les et algorithmes de l'intelligence artificielle<\/strong> pour l'optimisation de la consommation d'\u00e9nergie, de maintenance pr\u00e9ventive et de pr\u00e9vention de l'\u00e9chec.<\/li><\/ul><p class=\"translation-block\"><br>Gr\u00e2ce \u00e0 la contribution de Openet, le projet NET-ECO a montr\u00e9 comment les technologies num\u00e9riques peuvent <strong>afin de permettre un d\u00e9veloppement plus durable, efficace et r\u00e9sistant infrastructures \u00e9nerg\u00e9tiques<\/strong>, en jetant les bases pour la smart grid avanc\u00e9s et \u00e0 faible impact sur l'environnement.<\/p><p class=\"translation-block\">Dans l'ECHO, Openet Technologies a confirm\u00e9 son engagement dans<strong>l'innovation technologique au service de la transition \u00e9cologique<\/strong>, le renforcement de son r\u00f4le dans le domaine de<strong>l'\u00e9nergie de mani\u00e8re intelligente et num\u00e9rique<\/strong>.<\/p>\t\t\t\t\t\t\t\t<\/div>\n\t\t\t\t<\/div>\n\t\t\t\t\t<\/div>\n\t\t\t\t<\/div>\n\t\t\t\t<\/div>","protected":false},"excerpt":{"rendered":"<p>Il progetto NET-ECO \u00e8 stato concepito per sviluppare e testare soluzioni tecnologiche innovative per la gestione intelligente delle reti energetiche, con l\u2019obiettivo di ottimizzare l\u2019efficienza ecologica e ridurre l\u2019impatto ambientale dei sistemi di distribuzione. L\u2019iniziativa ha integrato competenze ingegneristiche, digitali e ambientali per supportare la transizione verso un modello di energia sostenibile, distribuita e intelligente. [&hellip;]<\/p>","protected":false},"author":1,"featured_media":1550,"parent":0,"menu_order":0,"comment_status":"closed","ping_status":"closed","template":"","meta":{"footnotes":""},"class_list":["post-1549","page","type-page","status-publish","has-post-thumbnail","hentry"],"aioseo_notices":[],"_links":{"self":[{"href":"https:\/\/openet.it\/fr\/wp-json\/wp\/v2\/pages\/1549","targetHints":{"allow":["GET"]}}],"collection":[{"href":"https:\/\/openet.it\/fr\/wp-json\/wp\/v2\/pages"}],"about":[{"href":"https:\/\/openet.it\/fr\/wp-json\/wp\/v2\/types\/page"}],"author":[{"embeddable":true,"href":"https:\/\/openet.it\/fr\/wp-json\/wp\/v2\/users\/1"}],"replies":[{"embeddable":true,"href":"https:\/\/openet.it\/fr\/wp-json\/wp\/v2\/comments?post=1549"}],"version-history":[{"count":4,"href":"https:\/\/openet.it\/fr\/wp-json\/wp\/v2\/pages\/1549\/revisions"}],"predecessor-version":[{"id":1554,"href":"https:\/\/openet.it\/fr\/wp-json\/wp\/v2\/pages\/1549\/revisions\/1554"}],"wp:featuredmedia":[{"embeddable":true,"href":"https:\/\/openet.it\/fr\/wp-json\/wp\/v2\/media\/1550"}],"wp:attachment":[{"href":"https:\/\/openet.it\/fr\/wp-json\/wp\/v2\/media?parent=1549"}],"curies":[{"name":"wp","href":"https:\/\/api.w.org\/{rel}","templated":true}]}}