{"id":1542,"date":"2025-11-17T15:53:07","date_gmt":"2025-11-17T15:53:07","guid":{"rendered":"https:\/\/openet.it\/?page_id=1542"},"modified":"2025-11-17T15:56:22","modified_gmt":"2025-11-17T15:56:22","slug":"mitigo","status":"publish","type":"page","link":"https:\/\/openet.it\/fr\/mitigo\/","title":{"rendered":"MITIGO"},"content":{"rendered":"<style>.elementor-1542 .elementor-element.elementor-element-01d6e85{--display:flex;}.elementor-widget-text-editor{font-family:var( --e-global-typography-text-font-family ), Sans-serif;font-weight:var( --e-global-typography-text-font-weight );line-height:var( --e-global-typography-text-line-height );color:var( --e-global-color-text );}.elementor-widget-text-editor.elementor-drop-cap-view-stacked .elementor-drop-cap{background-color:var( --e-global-color-primary );}.elementor-widget-text-editor.elementor-drop-cap-view-framed .elementor-drop-cap, .elementor-widget-text-editor.elementor-drop-cap-view-default .elementor-drop-cap{color:var( --e-global-color-primary );border-color:var( --e-global-color-primary );}@media(max-width:1024px){.elementor-widget-text-editor{line-height:var( --e-global-typography-text-line-height );}}@media(max-width:767px){.elementor-widget-text-editor{line-height:var( --e-global-typography-text-line-height );}}<\/style>\t\t<div data-elementor-type=\"wp-page\" data-elementor-id=\"1542\" class=\"elementor elementor-1542\" data-elementor-post-type=\"page\">\n\t\t\t\t<div class=\"elementor-element elementor-element-01d6e85 e-flex e-con-boxed e-con e-parent\" data-id=\"01d6e85\" data-element_type=\"container\">\n\t\t\t\t\t<div class=\"e-con-inner\">\n\t\t\t\t<div class=\"elementor-element elementor-element-c97c291 elementor-widget elementor-widget-text-editor\" data-id=\"c97c291\" data-element_type=\"widget\" data-widget_type=\"text-editor.default\">\n\t\t\t\t<div class=\"elementor-widget-container\">\n\t\t\t\t\t\t\t\t\t<p class=\"translation-block\"><strong>Le projet MITIGO des mesures d'Att\u00e9nuation des risques naturels pour la s\u00e9curit\u00e9 et la mobilit\u00e9 dans les r\u00e9gions montagneuses du sud - <\/strong> a eu pour objectif de d\u00e9velopper des solutions innovantes pour la pr\u00e9vention et la gestion de la g\u00e9ologie et des risques sismiques dans les \u00e9tats fragiles territoires du Sud de l'Italie, en particulier dans la Basilicate. Les activit\u00e9s ont \u00e9t\u00e9 centr\u00e9es sur l'infrastructure strat\u00e9gique, de la mobilit\u00e9 et de la s\u00e9curit\u00e9 de la population r\u00e9sidente.<\/p><p class=\"translation-block\"><strong>Openet Technologies S. p.Un.<\/strong> a particip\u00e9 en tant que partenaire industriel, en apportant son savoir-faire dans le domaine de la<strong>TIC g\u00e9ographique, de l'interop\u00e9rabilit\u00e9 des donn\u00e9es et des plates-formes num\u00e9riques<\/strong>.<br>L'entreprise a contribu\u00e9 en particulier \u00e0 la <strong>mise en place de WebGIS<\/strong> pour la cartographie de la vuln\u00e9rabilit\u00e9 sismique des b\u00e2timents sensibles, de travailler en synergie avec d'autres partenaires pour <strong>l'int\u00e9gration des donn\u00e9es provenant des enqu\u00eates, des capteurs, de la t\u00e9l\u00e9d\u00e9tection et des mod\u00e8les spatiaux<\/strong>.<\/p><p class=\"translation-block\">Un autre domaine important d'intervention a \u00e9t\u00e9 le d\u00e9veloppement d'un <strong>plate-forme informatique avanc\u00e9e<\/strong> \u00e0 l'aide \u00e0 la d\u00e9cision, qui est d\u00e9di\u00e9 aux administrations publiques, des ing\u00e9nieurs et des planificateurs, en mesure d'offrir les repr\u00e9sentations cartographiques \u00e0 jour, analyse des risques, et des outils pour la gestion des interventions.<br>Openet a \u00e9galement veill\u00e9 \u00e0 la<strong>l'interop\u00e9rabilit\u00e9 entre les syst\u00e8mes d'information h\u00e9t\u00e9rog\u00e8nes<\/strong>, vous permettant de vous connecter et d'harmoniser les donn\u00e9es climatiques, g\u00e9omorphologiques et structurelles dans l'\u00e9cosyst\u00e8me num\u00e9rique qui est accessible et partag\u00e9.<\/p><p class=\"translation-block\">Gr\u00e2ce \u00e0 sa contribution, le projet MITIGO a produit des outils pratiques pour la pr\u00e9vention et la gestion des risques, avec un impact positif sur la <strong>s\u00e9curit\u00e9 du territoire, de l'efficacit\u00e9 des interventions et de la r\u00e9silience des communaut\u00e9s locales<\/strong>.<br>Les solutions d\u00e9velopp\u00e9es sont <strong>\u00e9volutive et reproductibles<\/strong>, et peut \u00eatre appliqu\u00e9e dans d'autres contextes de montagne \u00e0 risques, contribuant ainsi \u00e0 une vision plus moderne et de gestion int\u00e9gr\u00e9e du territoire.<\/p>\t\t\t\t\t\t\t\t<\/div>\n\t\t\t\t<\/div>\n\t\t\t\t\t<\/div>\n\t\t\t\t<\/div>\n\t\t\t\t<\/div>","protected":false},"excerpt":{"rendered":"<p>Il progetto MITIGO \u2013 Mitigazione dei rischi naturali per la sicurezza e la mobilit\u00e0 nelle aree montane del Mezzogiorno ha avuto l\u2019obiettivo di sviluppare soluzioni innovative per la prevenzione e gestione del rischio idrogeologico e sismico in territori fragili del Sud Italia, in particolare in Basilicata. Le attivit\u00e0 si sono concentrate su infrastrutture strategiche, mobilit\u00e0, [&hellip;]<\/p>","protected":false},"author":1,"featured_media":1543,"parent":0,"menu_order":0,"comment_status":"closed","ping_status":"closed","template":"","meta":{"footnotes":""},"class_list":["post-1542","page","type-page","status-publish","has-post-thumbnail","hentry"],"aioseo_notices":[],"_links":{"self":[{"href":"https:\/\/openet.it\/fr\/wp-json\/wp\/v2\/pages\/1542","targetHints":{"allow":["GET"]}}],"collection":[{"href":"https:\/\/openet.it\/fr\/wp-json\/wp\/v2\/pages"}],"about":[{"href":"https:\/\/openet.it\/fr\/wp-json\/wp\/v2\/types\/page"}],"author":[{"embeddable":true,"href":"https:\/\/openet.it\/fr\/wp-json\/wp\/v2\/users\/1"}],"replies":[{"embeddable":true,"href":"https:\/\/openet.it\/fr\/wp-json\/wp\/v2\/comments?post=1542"}],"version-history":[{"count":4,"href":"https:\/\/openet.it\/fr\/wp-json\/wp\/v2\/pages\/1542\/revisions"}],"predecessor-version":[{"id":1547,"href":"https:\/\/openet.it\/fr\/wp-json\/wp\/v2\/pages\/1542\/revisions\/1547"}],"wp:featuredmedia":[{"embeddable":true,"href":"https:\/\/openet.it\/fr\/wp-json\/wp\/v2\/media\/1543"}],"wp:attachment":[{"href":"https:\/\/openet.it\/fr\/wp-json\/wp\/v2\/media?parent=1542"}],"curies":[{"name":"wp","href":"https:\/\/api.w.org\/{rel}","templated":true}]}}