{"id":1535,"date":"2025-11-17T15:23:45","date_gmt":"2025-11-17T15:23:45","guid":{"rendered":"https:\/\/openet.it\/?page_id=1535"},"modified":"2025-11-17T15:29:50","modified_gmt":"2025-11-17T15:29:50","slug":"hh","status":"publish","type":"page","link":"https:\/\/openet.it\/fr\/hh\/","title":{"rendered":"H@H"},"content":{"rendered":"<style>.elementor-1535 .elementor-element.elementor-element-72a1c20{--display:flex;}.elementor-widget-text-editor{font-family:var( --e-global-typography-text-font-family ), Sans-serif;font-weight:var( --e-global-typography-text-font-weight );line-height:var( --e-global-typography-text-line-height );color:var( --e-global-color-text );}.elementor-widget-text-editor.elementor-drop-cap-view-stacked .elementor-drop-cap{background-color:var( --e-global-color-primary );}.elementor-widget-text-editor.elementor-drop-cap-view-framed .elementor-drop-cap, .elementor-widget-text-editor.elementor-drop-cap-view-default .elementor-drop-cap{color:var( --e-global-color-primary );border-color:var( --e-global-color-primary );}@media(max-width:1024px){.elementor-widget-text-editor{line-height:var( --e-global-typography-text-line-height );}}@media(max-width:767px){.elementor-widget-text-editor{line-height:var( --e-global-typography-text-line-height );}}<\/style>\t\t<div data-elementor-type=\"wp-page\" data-elementor-id=\"1535\" class=\"elementor elementor-1535\" data-elementor-post-type=\"page\">\n\t\t\t\t<div class=\"elementor-element elementor-element-72a1c20 e-flex e-con-boxed e-con e-parent\" data-id=\"72a1c20\" data-element_type=\"container\">\n\t\t\t\t\t<div class=\"e-con-inner\">\n\t\t\t\t<div class=\"elementor-element elementor-element-e2f3e65 elementor-widget elementor-widget-text-editor\" data-id=\"e2f3e65\" data-element_type=\"widget\" data-widget_type=\"text-editor.default\">\n\t\t\t\t<div class=\"elementor-widget-container\">\n\t\t\t\t\t\t\t\t\t<p class=\"translation-block\">Le projet est <strong>H@H H\u00f4pital \u00e0 la Maison<\/strong> a \u00e9t\u00e9 une v\u00e9ritable innovation dans le domaine des soins de sant\u00e9, en proposant un mod\u00e8le avanc\u00e9 de <strong>les soins \u00e0 domicile, de haute intensit\u00e9,<\/strong> qui vous permet de vous apporter des services de l'h\u00f4pital directement au domicile des patients. L'objectif \u00e9tait double: <strong>am\u00e9liorer la qualit\u00e9 de vie des patients et d'optimiser les ressources du syst\u00e8me de soins de sant\u00e9<\/strong>, la r\u00e9duction de l'utilisation \u00e0 grande \u00e9chelle de l'hospitalisation.<\/p><p class=\"translation-block\">Le c\u0153ur du projet est l'utilisation de <strong>technologies m\u00e9dicales int\u00e9gr\u00e9<\/strong>, capteurs intelligents, et des plates-formes num\u00e9riques qui permettent \u00e0 la <strong>la surveillance \u00e0 distance, continue d'intervention m\u00e9dicale \u00e0 distance ainsi que d'une assistance personnalis\u00e9e<\/strong> en fonction de l'\u00e9tat r\u00e9el du patient.<\/p><p class=\"translation-block\">Openet Technologies a jou\u00e9 un <strong>r\u00f4le strat\u00e9gique<\/strong> dans le d\u00e9veloppement de l'infrastructure technologique de H@H, contribuant \u00e0 son expertise dans les domaines de <strong>l'Ido, le cloud computing et des syst\u00e8mes de sant\u00e9 num\u00e9rique<\/strong>.<\/p><p>En particulier, la soci\u00e9t\u00e9 a:<\/p><ul><li class=\"translation-block\">d\u00e9velopp\u00e9 <strong>les syst\u00e8mes de l'Ido s\u00fbre et fiable<\/strong> pour vous connecter \u00e0 des dispositifs m\u00e9dicaux dans le nuage;<\/li><li class=\"translation-block\">faites des plates-formes pour la <strong>gestion et l'analyse de donn\u00e9es cliniques en temps r\u00e9el<\/strong>;<\/li><li class=\"translation-block\">\u00e9dit\u00e9 <strong>int\u00e9gration avec les syst\u00e8mes de sant\u00e9<\/strong>, d'assurer l'interop\u00e9rabilit\u00e9 et la continuit\u00e9 des op\u00e9rations;<\/li><li class=\"translation-block\">les solutions mises en \u0153uvre pour <strong>la t\u00e9l\u00e9m\u00e9decine<\/strong>, de faciliter le contact direct entre le m\u00e9decin et le patient \u00e0 partir de la t\u00e9l\u00e9commande.<\/li><\/ul><p class=\"translation-block\"><br>Gr\u00e2ce \u00e0 la contribution de Openet, le projet H@H est un <strong>mod\u00e8le est pratique et efficace de soins de sant\u00e9 num\u00e9rique d\u00e9centralis\u00e9e<\/strong>, capable de proposer des avanc\u00e9es de soins de sant\u00e9 dans le confort de la maison, avec une plus grande efficacit\u00e9, la s\u00e9curit\u00e9 et l'humanisation de l'aide.<\/p>\t\t\t\t\t\t\t\t<\/div>\n\t\t\t\t<\/div>\n\t\t\t\t\t<\/div>\n\t\t\t\t<\/div>\n\t\t\t\t<\/div>","protected":false},"excerpt":{"rendered":"<p>Il progetto H@H \u2013 Hospital at Home ha rappresentato una vera innovazione nel campo dell\u2019assistenza sanitaria, proponendo un modello avanzato di cura domiciliare ad alta intensit\u00e0, che consente di portare servizi ospedalieri direttamente nelle case dei pazienti. L\u2019obiettivo \u00e8 stato duplice: migliorare la qualit\u00e0 della vita dei pazienti e ottimizzare le risorse del sistema sanitario, [&hellip;]<\/p>","protected":false},"author":1,"featured_media":1536,"parent":0,"menu_order":0,"comment_status":"closed","ping_status":"closed","template":"","meta":{"footnotes":""},"class_list":["post-1535","page","type-page","status-publish","has-post-thumbnail","hentry"],"aioseo_notices":[],"_links":{"self":[{"href":"https:\/\/openet.it\/fr\/wp-json\/wp\/v2\/pages\/1535","targetHints":{"allow":["GET"]}}],"collection":[{"href":"https:\/\/openet.it\/fr\/wp-json\/wp\/v2\/pages"}],"about":[{"href":"https:\/\/openet.it\/fr\/wp-json\/wp\/v2\/types\/page"}],"author":[{"embeddable":true,"href":"https:\/\/openet.it\/fr\/wp-json\/wp\/v2\/users\/1"}],"replies":[{"embeddable":true,"href":"https:\/\/openet.it\/fr\/wp-json\/wp\/v2\/comments?post=1535"}],"version-history":[{"count":4,"href":"https:\/\/openet.it\/fr\/wp-json\/wp\/v2\/pages\/1535\/revisions"}],"predecessor-version":[{"id":1540,"href":"https:\/\/openet.it\/fr\/wp-json\/wp\/v2\/pages\/1535\/revisions\/1540"}],"wp:featuredmedia":[{"embeddable":true,"href":"https:\/\/openet.it\/fr\/wp-json\/wp\/v2\/media\/1536"}],"wp:attachment":[{"href":"https:\/\/openet.it\/fr\/wp-json\/wp\/v2\/media?parent=1535"}],"curies":[{"name":"wp","href":"https:\/\/api.w.org\/{rel}","templated":true}]}}