{"id":1518,"date":"2025-11-17T14:29:47","date_gmt":"2025-11-17T14:29:47","guid":{"rendered":"https:\/\/openet.it\/?page_id=1518"},"modified":"2025-11-17T15:01:10","modified_gmt":"2025-11-17T15:01:10","slug":"edih","status":"publish","type":"page","link":"https:\/\/openet.it\/fr\/edih\/","title":{"rendered":"EDIH"},"content":{"rendered":"<style>.elementor-1518 .elementor-element.elementor-element-9a0a468{--display:flex;}.elementor-widget-text-editor{font-family:var( --e-global-typography-text-font-family ), Sans-serif;font-weight:var( --e-global-typography-text-font-weight );line-height:var( --e-global-typography-text-line-height );color:var( --e-global-color-text );}.elementor-widget-text-editor.elementor-drop-cap-view-stacked .elementor-drop-cap{background-color:var( --e-global-color-primary );}.elementor-widget-text-editor.elementor-drop-cap-view-framed .elementor-drop-cap, .elementor-widget-text-editor.elementor-drop-cap-view-default .elementor-drop-cap{color:var( --e-global-color-primary );border-color:var( --e-global-color-primary );}@media(max-width:1024px){.elementor-widget-text-editor{line-height:var( --e-global-typography-text-line-height );}}@media(max-width:767px){.elementor-widget-text-editor{line-height:var( --e-global-typography-text-line-height );}}<\/style>\t\t<div data-elementor-type=\"wp-page\" data-elementor-id=\"1518\" class=\"elementor elementor-1518\" data-elementor-post-type=\"page\">\n\t\t\t\t<div class=\"elementor-element elementor-element-9a0a468 e-flex e-con-boxed e-con e-parent\" data-id=\"9a0a468\" data-element_type=\"container\">\n\t\t\t\t\t<div class=\"e-con-inner\">\n\t\t\t\t<div class=\"elementor-element elementor-element-e4c0fc8 elementor-widget elementor-widget-text-editor\" data-id=\"e4c0fc8\" data-element_type=\"widget\" data-widget_type=\"text-editor.default\">\n\t\t\t\t<div class=\"elementor-widget-container\">\n\t\t\t\t\t\t\t\t\t<p class=\"translation-block\">Openet Technologies S. p.Un. participe activement dans le projet <strong>EDIH (European Digital Innovation Hub)<\/strong>, une initiative strat\u00e9gique promu par la Commission Europ\u00e9enne \u00e0 l'appui de la <strong>transformation num\u00e9rique de l'entreprise et de l'administration publique<\/strong>. Le projet vise \u00e0 cr\u00e9er un r\u00e9seau de hub au niveau europ\u00e9en, peuvent fournir des <strong>comp\u00e9tences, technologies et services avanc\u00e9s<\/strong> pour soutenir l'innovation.<\/p><p class=\"translation-block\">L'objectif principal est de promouvoir l'utilisation de <strong>technologies num\u00e9riques \u00e9mergentes<\/strong> \u2013 que l'intelligence artificielle, la cybers\u00e9curit\u00e9, l'Ido, et le calcul haute-performance \u2013 dans le processus de production, dans les services publics et la gestion durable du territoire.<\/p><p class=\"translation-block\">Dans ce contexte, Openet Technologies joue un r\u00f4le strat\u00e9gique, contribuant \u00e0 son expertise dans le champ <strong>les TIC, les capteurs, l'int\u00e9gration de donn\u00e9es et plates-formes de cloud<\/strong>.<\/p><p>La soci\u00e9t\u00e9 est impliqu\u00e9e dans:<\/p><ul><li class=\"translation-block\">l'activit\u00e9 <strong>la formation et le transfert de technologie<\/strong> pour les PME et l'administration publique;<\/li><li class=\"translation-block\">de d\u00e9veloppement et de test des <strong>solutions num\u00e9riques et exp\u00e9rimentaux<\/strong>, avec l'approche de \u201ctester avant d'investir\u201d;<\/li><li class=\"translation-block\"><strong>l'int\u00e9gration de donn\u00e9es provenant de sources h\u00e9t\u00e9rog\u00e8nes<\/strong> pour la surveillance et la gestion intelligente du territoire;<\/li><li>l'appui de la transition \u00e9cologique et num\u00e9rique dans les domaines de l'\u00e9nergie, de l'environnement et de la mobilit\u00e9.<\/li><\/ul><p class=\"translation-block\"><br>Par EIDH, Openet a renforc\u00e9 son r\u00f4le en tant que facilitateur de l'innovation, offrant un <strong>permettant de technologies et de savoir-faire en application<\/strong> \u00e0 l'appui de la comp\u00e9titivit\u00e9 et de la num\u00e9risation de la production du syst\u00e8me.<\/p><p class=\"translation-block\">Le projet est actuellement en cours, et repr\u00e9sente un <strong>levier essentiel pour le d\u00e9veloppement durable et les territoires num\u00e9riques<\/strong>, en ligne avec les objectifs du Green Deal et de la strat\u00e9gie Num\u00e9rique pour l'europe.<\/p>\t\t\t\t\t\t\t\t<\/div>\n\t\t\t\t<\/div>\n\t\t\t\t\t<\/div>\n\t\t\t\t<\/div>\n\t\t\t\t<\/div>","protected":false},"excerpt":{"rendered":"<p>Openet Technologies S.p.A. partecipa attivamente al progetto EDIH (European Digital Innovation Hub), un\u2019iniziativa strategica promossa dalla Commissione Europea per supportare la trasformazione digitale delle imprese e della pubblica amministrazione. Il progetto mira a creare una rete di hub a livello europeo, in grado di fornire competenze, tecnologie e servizi avanzati a supporto dell\u2019innovazione. L\u2019obiettivo principale [&hellip;]<\/p>","protected":false},"author":1,"featured_media":1531,"parent":0,"menu_order":0,"comment_status":"closed","ping_status":"closed","template":"","meta":{"footnotes":""},"class_list":["post-1518","page","type-page","status-publish","has-post-thumbnail","hentry"],"aioseo_notices":[],"_links":{"self":[{"href":"https:\/\/openet.it\/fr\/wp-json\/wp\/v2\/pages\/1518","targetHints":{"allow":["GET"]}}],"collection":[{"href":"https:\/\/openet.it\/fr\/wp-json\/wp\/v2\/pages"}],"about":[{"href":"https:\/\/openet.it\/fr\/wp-json\/wp\/v2\/types\/page"}],"author":[{"embeddable":true,"href":"https:\/\/openet.it\/fr\/wp-json\/wp\/v2\/users\/1"}],"replies":[{"embeddable":true,"href":"https:\/\/openet.it\/fr\/wp-json\/wp\/v2\/comments?post=1518"}],"version-history":[{"count":11,"href":"https:\/\/openet.it\/fr\/wp-json\/wp\/v2\/pages\/1518\/revisions"}],"predecessor-version":[{"id":1534,"href":"https:\/\/openet.it\/fr\/wp-json\/wp\/v2\/pages\/1518\/revisions\/1534"}],"wp:featuredmedia":[{"embeddable":true,"href":"https:\/\/openet.it\/fr\/wp-json\/wp\/v2\/media\/1531"}],"wp:attachment":[{"href":"https:\/\/openet.it\/fr\/wp-json\/wp\/v2\/media?parent=1518"}],"curies":[{"name":"wp","href":"https:\/\/api.w.org\/{rel}","templated":true}]}}