{"id":1511,"date":"2025-11-17T12:23:58","date_gmt":"2025-11-17T12:23:58","guid":{"rendered":"https:\/\/openet.it\/?page_id=1511"},"modified":"2025-11-17T12:28:48","modified_gmt":"2025-11-17T12:28:48","slug":"clara","status":"publish","type":"page","link":"https:\/\/openet.it\/fr\/clara\/","title":{"rendered":"CLARA"},"content":{"rendered":"<style>.elementor-1511 .elementor-element.elementor-element-ddfd13a{--display:flex;}.elementor-widget-text-editor{font-family:var( --e-global-typography-text-font-family ), Sans-serif;font-weight:var( --e-global-typography-text-font-weight );line-height:var( --e-global-typography-text-line-height );color:var( --e-global-color-text );}.elementor-widget-text-editor.elementor-drop-cap-view-stacked .elementor-drop-cap{background-color:var( --e-global-color-primary );}.elementor-widget-text-editor.elementor-drop-cap-view-framed .elementor-drop-cap, .elementor-widget-text-editor.elementor-drop-cap-view-default .elementor-drop-cap{color:var( --e-global-color-primary );border-color:var( --e-global-color-primary );}@media(max-width:1024px){.elementor-widget-text-editor{line-height:var( --e-global-typography-text-line-height );}}@media(max-width:767px){.elementor-widget-text-editor{line-height:var( --e-global-typography-text-line-height );}}<\/style>\t\t<div data-elementor-type=\"wp-page\" data-elementor-id=\"1511\" class=\"elementor elementor-1511\" data-elementor-post-type=\"page\">\n\t\t\t\t<div class=\"elementor-element elementor-element-ddfd13a e-flex e-con-boxed e-con e-parent\" data-id=\"ddfd13a\" data-element_type=\"container\">\n\t\t\t\t\t<div class=\"e-con-inner\">\n\t\t\t\t<div class=\"elementor-element elementor-element-7b211e6 elementor-widget elementor-widget-text-editor\" data-id=\"7b211e6\" data-element_type=\"widget\" data-widget_type=\"text-editor.default\">\n\t\t\t\t<div class=\"elementor-widget-container\">\n\t\t\t\t\t\t\t\t\t<p class=\"translation-block\">Le projet est <strong>CLARA (pr\u00e9visions Climatiques activ\u00e9 services de la connaissance)<\/strong>, une initiative financ\u00e9e par l'Union Europ\u00e9enne au titre du programme Horizon 2020, d\u00e9di\u00e9e au d\u00e9veloppement de services climatiques innovantes pour soutenir les diff\u00e9rents secteurs dans la planification et la gestion des risques li\u00e9s au changement climatique.<\/p><p class=\"translation-block\">Le principal objectif \u00e9tait de transformer les donn\u00e9es climatiques dans le <strong>les services \u00e0 valeur ajout\u00e9e<\/strong>, personnalis\u00e9 et utilisable dans d'autres contextes, tels que l'agriculture, la gestion des ressources en eau, de l'urbanisme et de la protection civile.<\/p><p class=\"translation-block\">Openet a eu un r\u00f4le important dans la <strong>le d\u00e9veloppement de plates-formes num\u00e9riques, bas\u00e9s sur le cloud<\/strong> pour la distribution de services climatiques, en accordant une attention particuli\u00e8re \u00e0 l'interface utilisateur, l'int\u00e9gration de l'information prospective et de la visualisation interactive. Les solutions ont permis \u00e0 des utilisateurs publics et priv\u00e9s de l'acc\u00e8s \u00e0 l' <strong>m\u00e9t\u00e9o information compr\u00e9hensible et op\u00e9rationnels<\/strong>, en facilitant les processus de prise de d\u00e9cision bas\u00e9e sur des preuves scientifiques.<\/p><p class=\"translation-block\">En parall\u00e8le, Openet a particip\u00e9 \u00e0 la version nationale de la <strong>projet CLARA<\/strong>, qui est financ\u00e9 par le MIUR dans le cadre de l'appel \u201cSmart Cities \" Nationale\u201d, avec un co\u00fbt total d'environ 22 millions d'euros et d'une dur\u00e9e de 27 mois. Cette initiative avait pour objectif la cr\u00e9ation d'un <strong>plate-forme de cloud pour l'imagerie de m\u00e9tro<\/strong> par le biais de smart technologies, avec un accent sur les risques naturels, tels que les glissements de terrain et des risques sismiques.<\/p><p class=\"translation-block\">Dans le cadre du projet national, Openet a contribu\u00e9 \u00e0 l'int\u00e9gration de la <strong>capteurs de pointe, la t\u00e9l\u00e9d\u00e9tection, l'imagerie 3D et des donn\u00e9es g\u00e9ologiques et geomorfologic<\/strong>, j'ai cherch\u00e9 \u00e0 am\u00e9liorer la connaissance du territoire et de soutenir les d\u00e9cideurs publics dans la planification urbaine et la gestion des infrastructures.<\/p><p class=\"translation-block\">Un \u00e9l\u00e9ment cl\u00e9 du projet a \u00e9t\u00e9 l'adoption de <strong>paradigmes, les donn\u00e9es ouvertes et le gouvernement ouvert<\/strong>, afin de promouvoir la transparence et le partage de l'information, impliquant les citoyens dans la surveillance des ph\u00e9nom\u00e8nes de risque.<\/p><p class=\"translation-block\">Le <strong>les essais<\/strong> sont effectu\u00e9es dans les Municipalit\u00e9s de <strong>Ferrara<\/strong>, <strong>Matera<\/strong> et <strong>province de Enna<\/strong>, avec l'objectif de valider les solutions technologiques, dans des contextes r\u00e9els et vari\u00e9s.<\/p><p class=\"translation-block\">Gr\u00e2ce \u00e0 la participation dans le projet CLARA, Openet Technologies a renforc\u00e9 son expertise dans le domaine de la <strong>services climatiques num\u00e9rique<\/strong> de <strong>surveillance de l'environnement intelligent<\/strong> et<strong>l'innovation urbaine durable<\/strong>, confirmant ainsi sa position de partenaire technologique strat\u00e9gique des projets d'appui \u00e0 la r\u00e9silience du territoire.<\/p>\t\t\t\t\t\t\t\t<\/div>\n\t\t\t\t<\/div>\n\t\t\t\t\t<\/div>\n\t\t\t\t<\/div>\n\t\t\t\t<\/div>","protected":false},"excerpt":{"rendered":"<p>Il progetto CLARA (Climate forecast enabled knowledge services), un\u2019iniziativa finanziata dall\u2019Unione Europea nell\u2019ambito del programma Horizon 2020, dedicata allo sviluppo di servizi climatici innovativi per supportare diversi settori nella pianificazione e nella gestione dei rischi legati ai cambiamenti climatici. L\u2019obiettivo principale \u00e8 stato trasformare i dati climatici in servizi a valore aggiunto, personalizzati e fruibili [&hellip;]<\/p>","protected":false},"author":1,"featured_media":1512,"parent":0,"menu_order":0,"comment_status":"closed","ping_status":"closed","template":"","meta":{"footnotes":""},"class_list":["post-1511","page","type-page","status-publish","has-post-thumbnail","hentry"],"aioseo_notices":[],"_links":{"self":[{"href":"https:\/\/openet.it\/fr\/wp-json\/wp\/v2\/pages\/1511","targetHints":{"allow":["GET"]}}],"collection":[{"href":"https:\/\/openet.it\/fr\/wp-json\/wp\/v2\/pages"}],"about":[{"href":"https:\/\/openet.it\/fr\/wp-json\/wp\/v2\/types\/page"}],"author":[{"embeddable":true,"href":"https:\/\/openet.it\/fr\/wp-json\/wp\/v2\/users\/1"}],"replies":[{"embeddable":true,"href":"https:\/\/openet.it\/fr\/wp-json\/wp\/v2\/comments?post=1511"}],"version-history":[{"count":4,"href":"https:\/\/openet.it\/fr\/wp-json\/wp\/v2\/pages\/1511\/revisions"}],"predecessor-version":[{"id":1516,"href":"https:\/\/openet.it\/fr\/wp-json\/wp\/v2\/pages\/1511\/revisions\/1516"}],"wp:featuredmedia":[{"embeddable":true,"href":"https:\/\/openet.it\/fr\/wp-json\/wp\/v2\/media\/1512"}],"wp:attachment":[{"href":"https:\/\/openet.it\/fr\/wp-json\/wp\/v2\/media?parent=1511"}],"curies":[{"name":"wp","href":"https:\/\/api.w.org\/{rel}","templated":true}]}}