{"id":1504,"date":"2025-11-17T12:03:03","date_gmt":"2025-11-17T12:03:03","guid":{"rendered":"https:\/\/openet.it\/?page_id=1504"},"modified":"2025-11-17T12:07:57","modified_gmt":"2025-11-17T12:07:57","slug":"aladin-2","status":"publish","type":"page","link":"https:\/\/openet.it\/fr\/aladin-2\/","title":{"rendered":"ALADIN"},"content":{"rendered":"<style>.elementor-1504 .elementor-element.elementor-element-a7ceb74{--display:flex;}.elementor-widget-text-editor{font-family:var( --e-global-typography-text-font-family ), Sans-serif;font-weight:var( --e-global-typography-text-font-weight );line-height:var( --e-global-typography-text-line-height );color:var( --e-global-color-text );}.elementor-widget-text-editor.elementor-drop-cap-view-stacked .elementor-drop-cap{background-color:var( --e-global-color-primary );}.elementor-widget-text-editor.elementor-drop-cap-view-framed .elementor-drop-cap, .elementor-widget-text-editor.elementor-drop-cap-view-default .elementor-drop-cap{color:var( --e-global-color-primary );border-color:var( --e-global-color-primary );}@media(max-width:1024px){.elementor-widget-text-editor{line-height:var( --e-global-typography-text-line-height );}}@media(max-width:767px){.elementor-widget-text-editor{line-height:var( --e-global-typography-text-line-height );}}<\/style>\t\t<div data-elementor-type=\"wp-page\" data-elementor-id=\"1504\" class=\"elementor elementor-1504\" data-elementor-post-type=\"page\">\n\t\t\t\t<div class=\"elementor-element elementor-element-a7ceb74 e-flex e-con-boxed e-con e-parent\" data-id=\"a7ceb74\" data-element_type=\"container\">\n\t\t\t\t\t<div class=\"e-con-inner\">\n\t\t\t\t<div class=\"elementor-element elementor-element-e3a02b0 elementor-widget elementor-widget-text-editor\" data-id=\"e3a02b0\" data-element_type=\"widget\" data-widget_type=\"text-editor.default\">\n\t\t\t\t<div class=\"elementor-widget-container\">\n\t\t\t\t\t\t\t\t\t<p class=\"translation-block\">Le projet est <strong>ALADIN (Advanced Lidar Applications de la Distance et de la Navigation)<\/strong> est configur\u00e9 comme un projet technologique de pointe dans le domaine des syst\u00e8mes de pointe pour la d\u00e9tection et la <strong>navigation autonome<\/strong>, avec des applications dans les champs <strong>les secteurs de l'a\u00e9rospatiale, de l'automobile et de la robotique<\/strong>. L'objectif du projet a \u00e9t\u00e9 le d\u00e9veloppement de solutions bas\u00e9es sur la technologie que <strong>LIDAR (Light Detection and Ranging)<\/strong> afin d'am\u00e9liorer les <strong>cartographie 3D de l'environnement<\/strong>, <strong>reconnaissance des obstacles<\/strong> et <strong>s\u00e9curit\u00e9 de la navigation<\/strong> dans des conditions m\u00e9t\u00e9orologiques ou de la visibilit\u00e9 complexe.<\/p><p class=\"translation-block\">Openet Technologies a eu un <strong>r\u00f4le strat\u00e9gique<\/strong> dans le cadre du projet, en mettant dans le champ de comp\u00e9tences avanc\u00e9es dans le <strong>g\u00e9nie logiciel, syst\u00e8mes embarqu\u00e9s et traitement de donn\u00e9es en temps r\u00e9el<\/strong>.<\/p><p class=\"translation-block\">En particulier, Openet a con\u00e7u et d\u00e9velopp\u00e9 un <strong>modules logiciels pour l'acquisition et le traitement de donn\u00e9es LIDAR<\/strong>, int\u00e9grant des algorithmes <strong>l'intelligence artificielle<\/strong> pour la reconnaissance des formes, la <strong>le classement automatique des objets d\u00e9tect\u00e9s<\/strong> et les syst\u00e8mes de support de d\u00e9cision autonome guide.<\/p><p class=\"translation-block\">La soci\u00e9t\u00e9 a \u00e9galement contribu\u00e9 \u00e0 <strong>r\u00e9alisation des interfaces de communication<\/strong> entre les capteurs, LIDAR, et sur les syst\u00e8mes embarqu\u00e9s, en veillant \u00e0 <strong>l'interop\u00e9rabilit\u00e9 avec l'infrastructure existante<\/strong> et l'int\u00e9gration compl\u00e8te avec les autres sous-syst\u00e8mes de la technologie.<\/p><p class=\"translation-block\">La contribution de Openet a \u00e9t\u00e9 essentielle pour assurer le <strong>fiabilit\u00e9, l'exactitude et l'\u00e9volutivit\u00e9<\/strong> de la solution d\u00e9velopp\u00e9e, l'acc\u00e9l\u00e9ration du transfert de technologie vers le monde r\u00e9el des applications dans le domaine industriel et civil.<\/p><p class=\"translation-block\">Gr\u00e2ce \u00e0 ce projet, ALADIN, Openet Technologies a renforc\u00e9 sa position dans le domaine de la <strong>syst\u00e8mes intelligents pour la mobilit\u00e9 et des capteurs avanc\u00e9s<\/strong>, en contribuant \u00e0 l'\u00e9volution des technologies cl\u00e9s pour l'avenir de la navigation autonome et de la perception de l'environnement.<\/p>\t\t\t\t\t\t\t\t<\/div>\n\t\t\t\t<\/div>\n\t\t\t\t\t<\/div>\n\t\t\t\t<\/div>\n\t\t\t\t<\/div>","protected":false},"excerpt":{"rendered":"<p>Il progetto ALADIN (Advanced Lidar Applications for Distance and Navigation) si \u00e8 configurato come un\u2019iniziativa tecnologica di punta nel campo dei sistemi avanzati di rilevamento e navigazione autonoma, con applicazioni nei settori aerospaziale, automotive e robotico. L\u2019obiettivo del progetto \u00e8 stato lo sviluppo di soluzioni basate su tecnologia LIDAR (Light Detection and Ranging) per migliorare [&hellip;]<\/p>","protected":false},"author":1,"featured_media":1505,"parent":0,"menu_order":0,"comment_status":"closed","ping_status":"closed","template":"","meta":{"footnotes":""},"class_list":["post-1504","page","type-page","status-publish","has-post-thumbnail","hentry"],"aioseo_notices":[],"_links":{"self":[{"href":"https:\/\/openet.it\/fr\/wp-json\/wp\/v2\/pages\/1504","targetHints":{"allow":["GET"]}}],"collection":[{"href":"https:\/\/openet.it\/fr\/wp-json\/wp\/v2\/pages"}],"about":[{"href":"https:\/\/openet.it\/fr\/wp-json\/wp\/v2\/types\/page"}],"author":[{"embeddable":true,"href":"https:\/\/openet.it\/fr\/wp-json\/wp\/v2\/users\/1"}],"replies":[{"embeddable":true,"href":"https:\/\/openet.it\/fr\/wp-json\/wp\/v2\/comments?post=1504"}],"version-history":[{"count":4,"href":"https:\/\/openet.it\/fr\/wp-json\/wp\/v2\/pages\/1504\/revisions"}],"predecessor-version":[{"id":1509,"href":"https:\/\/openet.it\/fr\/wp-json\/wp\/v2\/pages\/1504\/revisions\/1509"}],"wp:featuredmedia":[{"embeddable":true,"href":"https:\/\/openet.it\/fr\/wp-json\/wp\/v2\/media\/1505"}],"wp:attachment":[{"href":"https:\/\/openet.it\/fr\/wp-json\/wp\/v2\/media?parent=1504"}],"curies":[{"name":"wp","href":"https:\/\/api.w.org\/{rel}","templated":true}]}}