{"id":1494,"date":"2025-11-17T11:14:13","date_gmt":"2025-11-17T11:14:13","guid":{"rendered":"https:\/\/openet.it\/?page_id=1494"},"modified":"2025-11-17T11:34:55","modified_gmt":"2025-11-17T11:34:55","slug":"space-data-information-centre-sdic-per-lafrica","status":"publish","type":"page","link":"https:\/\/openet.it\/fr\/space-data-information-centre-sdic-per-lafrica\/","title":{"rendered":"L'espace de Donn\u00e9es du Centre d'Information (SDIC) par l'Afrique"},"content":{"rendered":"<style>.elementor-1494 .elementor-element.elementor-element-b8e7415{--display:flex;}.elementor-widget-text-editor{font-family:var( --e-global-typography-text-font-family ), Sans-serif;font-weight:var( --e-global-typography-text-font-weight );line-height:var( --e-global-typography-text-line-height );color:var( --e-global-color-text );}.elementor-widget-text-editor.elementor-drop-cap-view-stacked .elementor-drop-cap{background-color:var( --e-global-color-primary );}.elementor-widget-text-editor.elementor-drop-cap-view-framed .elementor-drop-cap, .elementor-widget-text-editor.elementor-drop-cap-view-default .elementor-drop-cap{color:var( --e-global-color-primary );border-color:var( --e-global-color-primary );}.elementor-1494 .elementor-element.elementor-element-147f8b8{font-family:\"Roboto\", Sans-serif;font-weight:400;line-height:23px;}@media(max-width:1024px){.elementor-widget-text-editor{line-height:var( --e-global-typography-text-line-height );}}@media(max-width:767px){.elementor-widget-text-editor{line-height:var( --e-global-typography-text-line-height );}}<\/style>\t\t<div data-elementor-type=\"wp-page\" data-elementor-id=\"1494\" class=\"elementor elementor-1494\" data-elementor-post-type=\"page\">\n\t\t\t\t<div class=\"elementor-element elementor-element-b8e7415 e-flex e-con-boxed e-con e-parent\" data-id=\"b8e7415\" data-element_type=\"container\">\n\t\t\t\t\t<div class=\"e-con-inner\">\n\t\t\t\t<div class=\"elementor-element elementor-element-147f8b8 elementor-widget elementor-widget-text-editor\" data-id=\"147f8b8\" data-element_type=\"widget\" data-widget_type=\"text-editor.default\">\n\t\t\t\t<div class=\"elementor-widget-container\">\n\t\t\t\t\t\t\t\t\t<p class=\"translation-block\">Openet Technologies S. p.Un., en collaboration avec l'Agence Spatiale Europ\u00e9enne (ESA) et avec le soutien de EAGLEPROJECTS spa a initi\u00e9 la cr\u00e9ation de la <strong>l'Espace de Donn\u00e9es du Centre d'Information (fran\u00e7ais et italien)<\/strong> \u00e0 Nairobi, au Kenya. Le projet est n\u00e9 \u00e0 la promotion de l'utilisation des donn\u00e9es satellitaires et des technologies spatiales \u00e0 l'appui du d\u00e9veloppement durable, la croissance \u00e9conomique et de l'enseignement technique dans le continent africain.<\/p><p class=\"translation-block\">Le mod\u00e8le est bas\u00e9 sur l'exp\u00e9rience du centre de <strong>SPARKme<\/strong>, est active depuis 2019, en Basilicate, en tant que formation de plaque tournante pour les scientifiques et reconnue au niveau national, aujourd'hui le si\u00e8ge de SON Acad\u00e9mie et un point de r\u00e9f\u00e9rence pour les \u00e9v\u00e9nements et les ateliers de la VAPEUR. L'objectif est de reproduire cette approche en Afrique, en commen\u00e7ant avec le Kenya.<\/p><p class=\"translation-block\">La nouvelle se propose de <strong>combler l'\u00e9cart entre la disponibilit\u00e9 et l'utilisation de l'Observation de la Terre de donn\u00e9es (EO)<\/strong>, formant de nouvelles comp\u00e9tences locales et le d\u00e9veloppement d'applications dans des secteurs strat\u00e9giques comme l'agriculture, de l'environnement, de l'urbanisme et de la gestion des catastrophes. Le centre offrira des services pour les entreprises, les institutions et les universit\u00e9s, ainsi que de favoriser le d\u00e9veloppement de mod\u00e8les d'affaires durables et de nouveaux partenariats internationaux.<\/p><p class=\"translation-block\">Un <strong>programme de formation structur\u00e9<\/strong> sera d'impliquer les \u00e9tudiants et les fonctionnaires publics, les cours en pr\u00e9sence et en ligne, des stages, et l'acc\u00e8s \u00e0 des laboratoires, num\u00e9rique SPARKme. Sont fournis pour 360 heures de formation pour les \u00e9tudiants, plus un stage de 2 mois, et court voies agents de la fonction publique, avec des certifications qui sont valables \u00e0 la fois au Kenya et en Italie.<\/p><p class=\"translation-block\">Le centre offrira un <strong>gamme compl\u00e8te de services<\/strong>: la pr\u00e9paration et l'analyse de OT de donn\u00e9es, provenant de sources telles que l'ESA et de Copernic, de conseils techniques, de soutien, de l'innovation et de la commercialisation de la collaboration avec des institutions acad\u00e9miques et technologiques JKUAT, Copernic Acad\u00e9mie, E4Impact et au Kenya, Agence de l'Innovation.<\/p><p class=\"translation-block\">Avec une dur\u00e9e initiale de 12 mois (8 phase pilote), le projet vise \u00e0 devenir un <strong>mod\u00e8le reproductible<\/strong> dans d'autres Pays africains, en transformant le fran\u00e7ais et l'italien dans un moteur de l'innovation, du transfert de technologie et le d\u00e9veloppement local, qui est connect\u00e9 \u00e0 un r\u00e9seau international de formation et de l'entreprise.<\/p>\t\t\t\t\t\t\t\t<\/div>\n\t\t\t\t<\/div>\n\t\t\t\t\t<\/div>\n\t\t\t\t<\/div>\n\t\t\t\t<\/div>","protected":false},"excerpt":{"rendered":"<p>Openet Technologies S.p.A., in collaborazione con l\u2019Agenzia Spaziale Europea (ESA) e con il supporto di EAGLEPROJECTS S.p.A., ha avviato la creazione del Space Data Information Centre (SDIC) a Nairobi, Kenya. Il progetto nasce per promuovere l\u2019uso dei dati satellitari e delle tecnologie spaziali a supporto dello sviluppo sostenibile, della crescita economica e della formazione tecnica [&hellip;]<\/p>","protected":false},"author":1,"featured_media":1496,"parent":0,"menu_order":0,"comment_status":"closed","ping_status":"closed","template":"","meta":{"footnotes":""},"class_list":["post-1494","page","type-page","status-publish","has-post-thumbnail","hentry"],"aioseo_notices":[],"_links":{"self":[{"href":"https:\/\/openet.it\/fr\/wp-json\/wp\/v2\/pages\/1494","targetHints":{"allow":["GET"]}}],"collection":[{"href":"https:\/\/openet.it\/fr\/wp-json\/wp\/v2\/pages"}],"about":[{"href":"https:\/\/openet.it\/fr\/wp-json\/wp\/v2\/types\/page"}],"author":[{"embeddable":true,"href":"https:\/\/openet.it\/fr\/wp-json\/wp\/v2\/users\/1"}],"replies":[{"embeddable":true,"href":"https:\/\/openet.it\/fr\/wp-json\/wp\/v2\/comments?post=1494"}],"version-history":[{"count":4,"href":"https:\/\/openet.it\/fr\/wp-json\/wp\/v2\/pages\/1494\/revisions"}],"predecessor-version":[{"id":1502,"href":"https:\/\/openet.it\/fr\/wp-json\/wp\/v2\/pages\/1494\/revisions\/1502"}],"wp:featuredmedia":[{"embeddable":true,"href":"https:\/\/openet.it\/fr\/wp-json\/wp\/v2\/media\/1496"}],"wp:attachment":[{"href":"https:\/\/openet.it\/fr\/wp-json\/wp\/v2\/media?parent=1494"}],"curies":[{"name":"wp","href":"https:\/\/api.w.org\/{rel}","templated":true}]}}