{"id":3,"date":"2025-01-10T09:09:42","date_gmt":"2025-01-10T09:09:42","guid":{"rendered":"https:\/\/openet.it\/?page_id=3"},"modified":"2025-01-22T08:58:40","modified_gmt":"2025-01-22T08:58:40","slug":"privacy-policy","status":"publish","type":"page","link":"https:\/\/openet.it\/en\/privacy-policy\/","title":{"rendered":"Privacy Policy"},"content":{"rendered":"<style>.elementor-3 .elementor-element.elementor-element-31233158{--display:flex;}.elementor-widget-text-editor{font-family:var( --e-global-typography-text-font-family ), Sans-serif;font-weight:var( --e-global-typography-text-font-weight );line-height:var( --e-global-typography-text-line-height );color:var( --e-global-color-text );}.elementor-widget-text-editor.elementor-drop-cap-view-stacked .elementor-drop-cap{background-color:var( --e-global-color-primary );}.elementor-widget-text-editor.elementor-drop-cap-view-framed .elementor-drop-cap, .elementor-widget-text-editor.elementor-drop-cap-view-default .elementor-drop-cap{color:var( --e-global-color-primary );border-color:var( --e-global-color-primary );}.elementor-3 .elementor-element.elementor-element-3f65c34{color:#000210;}.elementor-3 .elementor-element.elementor-element-add594c{--display:flex;}@media(max-width:1024px){.elementor-widget-text-editor{line-height:var( --e-global-typography-text-line-height );}}@media(max-width:767px){.elementor-widget-text-editor{line-height:var( --e-global-typography-text-line-height );}}<\/style>\t\t<div data-elementor-type=\"wp-page\" data-elementor-id=\"3\" class=\"elementor elementor-3\" data-elementor-post-type=\"page\">\n\t\t\t\t<div class=\"elementor-element elementor-element-31233158 e-flex e-con-boxed e-con e-parent\" data-id=\"31233158\" data-element_type=\"container\">\n\t\t\t\t\t<div class=\"e-con-inner\">\n\t\t\t\t<div class=\"elementor-element elementor-element-3f65c34 elementor-widget elementor-widget-text-editor\" data-id=\"3f65c34\" data-element_type=\"widget\" data-widget_type=\"text-editor.default\">\n\t\t\t\t<div class=\"elementor-widget-container\">\n\t\t\t\t\t\t\t\t\t<h3><strong>Tutela della Privacy<\/strong><\/h3><p>Openet Technologies Spa con sede a Matera, Via delle Fiere s.n.c. Zona PAIP II 75100 Matera \u00e8 il Titolare del trattamento dei dati personali raccolti su questo sito ai sensi e per gli effetti del Regolamento UE 679\/2016 (GDPR) Questa Informativa Privacy \u00e8 aggiornata al 25\/05\/2018<\/p><h3><strong>Dati Personali e Dati di Navigazione<\/strong><\/h3><p>Conformemente all\u2019impegno e alla cura che Openet Technologies Spa dedica alla tutela dei dati personali, ti informiamo sulle modalit\u00e0, finalit\u00e0 e ambito di comunicazione e diffusione dei tuoi dati personali e sui tuoi diritti, in conformit\u00e0 all\u2019art. 13 del GDPR.<\/p><p><strong>1. CATEGORIE DI DATI PERSONALI TRATTATI DAL TITOLARE DEL TRATTAMENTO<\/strong><br \/>Per offrirti i servizi previsti dai propri siti internet Openet Technologies Spa in qualit\u00e0 di Titolare del trattamento, deve trattare alcuni dati personali necessari per l\u2019erogazione dei servizi.<br \/>Questi dati possono essere forniti implicitamente dagli strumenti che utilizzi per accedere e fruire dei servizi o possono essere forniti in modo esplicito da te.<br \/>Openet potr\u00e0 trattare le seguenti categorie di dati personali degli utenti:<\/p><ul><li>dati tecnici di navigazione relativi all\u2019indirizzo IP, ai codici identificativi dei dispositivi utilizzati dall\u2019utente per la fruizione del sito o dei servizi, alle caratteristiche del browser e agli orari di accesso;<\/li><li>dati di navigazione finalizzati alla profilazione forniti indirettamente mediante la fruizione stessa del servizio e ottenuti e analizzati previo consenso dell\u2019utente;<\/li><li>dati comuni identificativi forniti dall\u2019utente (es. nome, cognome, email, numero di telefono, ecc.) per la fruizione dei prodotti e dei servizi;<\/li><\/ul><p><strong><br \/>2. FINALIT\u00c0 E BASI GIURIDICHE DEL TRATTAMENTO<\/strong><br \/>I dati e i cookies da te ricevuti saranno trattati da Openet Technologies Spa esclusivamente con modalit\u00e0 e procedure necessarie per fornirti i servizi richiesti e per le finalit\u00e0 ulteriori per le quali hai espresso il consenso.<br \/>Solo con il tuo espresso consenso i dati potranno essere utilizzati per effettuare analisi statistiche, indagini di mercato, attivit\u00e0 promozionali tramite i social media e invio di informazioni commerciali sui prodotti e sulle iniziative promozionali di Openet. (Finalit\u00e0 di marketing diretto)<br \/>Sempre con il tuo consenso i dati potranno essere utilizzati per finalit\u00e0 di profilazione condotta automaticamente raccogliendo informazioni sulla navigazione che fai durante l\u2019accesso e la fruizione dei servizi del servizio e, mediante algoritmi di correlazione statistica, le legano alle medesime informazioni provenienti da altri utenti per individuare i tratti comuni e raggruppare quelle simili all\u2019interno di classi di interesse. Mediante l\u2019assegnazione del tuo browser ad una classe di interesse, i nostri sistemi saranno successivamente in grado di offrirti contenuti che sono pi\u00f9 vicini ai tuoi gusti e presenteranno contributi pubblicitari che meglio incontrano le tue esigenze e meglio indirizzano gli interessi degli inserzionisti riducendo il livello di disturbo alla fruizione.<br \/>Alla data in cui leggi questa Informativa, Openet Technologies Spa utilizza i dati di profilazione per aggregare profili di marketing, per la gestione della relazione con gli investitori pubblicitari e migliorarne le campagne, per inferire schemi di utilizzo dei nostri prodotti e servizi e per coadiuvare le direzioni commerciali nello sviluppo delle strategie digitali (Finalit\u00e0 di profilazione)<br \/>Infine, con il tuo consenso esplicito, i tuoi dati potranno essere forniti ad altre Aziende operanti nei settori editoriale, finanziario, assicurativo automobilistico, energetico, largo consumo, organizzazioni umanitarie e benefiche le quali potranno contattarti come Titolari di autonome iniziative \u2013 l\u2019elenco aggiornato \u00e8 a tua disposizione e pu\u00f2 essere richiesto al Responsabile del trattamento all\u2019indirizzo sotto riportato \u2013 per analisi statistiche, indagini di mercato e invio di informazioni commerciali sui prodotti e iniziative promozionali. (Finalit\u00e0 di marketing da parte di soggetti terzi).<br \/>Le comunicazioni per indagini di mercato o di informazioni commerciali sui prodotti e sulle iniziative promozionali potranno essere effettuate mediante mailing postale, posta elettronica, telemarketing, sms, mms.<br \/>Ti informiamo che alcune attivit\u00e0 potrebbero essere attuate tramite fornitori, appositamente nominati Responsabili del trattamento, anche residenti fuori dall\u2019Unione Europea.<br \/>Le basi giuridiche delle finalit\u00e0 precedentemente descritte sono l\u2019esecuzione di una tua richiesta quale interessato e i consensi da te espressi.<\/p><p><strong>3. DIFFUSIONE, COMUNICAZIONE E SOGGETTI CHE ACCEDONO AI DATI<\/strong><br \/>I tuoi dati personali non saranno diffusi, ma potranno essere comunicati ove necessario per l\u2019erogazione del servizio a soggetti terzi (come fornitori di servizi tecnici terzi, corrieri postali, hosting provider, societ\u00e0 informatiche) nominati, se necessario, Responsabili del Trattamento da parte di Openet Technologies Spa per i compiti di natura tecnica od organizzativa strumentali alla fornitura dei servizi.<br \/>L\u2019accesso ai dati \u00e8 inoltre consentito a categorie di incaricati di Openet Technologies Spa coinvolti nell\u2019organizzazione per il trattamento dati (personale amministrativo, commerciale, marketing, servizio clienti, amministratori di sistema).<br \/>L\u2019elenco aggiornato dei Responsabili potr\u00e0 sempre essere richiesto al Titolare del Trattamento.<br \/>Resta salvo il diritto di comunicazione a soggetti terzi qualora tu abbia dato il consenso specifico e facoltativo.<\/p><p><strong>4. TRASFERIMENTO DI DATI ALL\u2019ESTERO<\/strong><br \/>I tuoi dati personali saranno trattati da Openet Technologies Spa all\u2019interno del territorio dell\u2019Unione Europea.<br \/>Qualora per questioni di natura tecnica e\/o operativa si renda necessario avvalersi di soggetti ubicati al di fuori dell\u2019Unione Europea, oppure si renda necessario trasferire alcuni dei dati raccolti verso sistemi tecnici e servizi gestiti in cloud e localizzati al di fuori dell\u2019area dell\u2019Unione Europea, il trattamento sar\u00e0 regolato in conformit\u00e0 a quanto previsto dal capo V del Regolamento e autorizzato in base a specifiche decisioni dell\u2019Unione Europea. Saranno quindi adottate tutte le cautele necessarie al fine di garantire la pi\u00f9 totale protezione dei dati personali basando tale trasferimento: a) su decisioni di adeguatezza dei paesi terzi destinatari espressi dalla Commissione Europea; b) su garanzie adeguate espresse dal soggetto terzo destinatario ai sensi dell\u2019art. 46 del Regolamento; c) sull\u2019adozione di norme vincolanti d\u2019impresa, cd. Corporate binding rules.<\/p><p><strong>5. DURATA DEL TRATTAMENTO E CONSERVAZIONE DEI DATI PERSONALI<\/strong><br \/>Openet Technologies Spa in accordo con l\u2019Art. 5.1 e) del GDPR tratter\u00e0 i dati da te conferiti per tutta la durata di esecuzione dei servizi richiesti e li conserver\u00e0 per i 12 mesi successivi ai fini del completamento delle attivit\u00e0 amministrative., oltre che per il tempo necessario ad adempiere gli obblighi di legge.<br \/>Qualora tu abbia autorizzato il trattamento di profilazione, i dati anonimi di volta in volta osservati, saranno cancellati dopo 12 mesi dall\u2019inizio del trattamento.<\/p><p><strong>6. DIRITTI DELL\u2019INTERESSATO<\/strong><br \/>Openet Technologies Spa ti garantisce di poter esercitare in qualsiasi momento i diritti previsti dall\u2019art. 12 del GDPR. In particolare tu hai il diritto:<br \/>\u2013 di sapere se il Titolare detiene e\/o tratta dati personali relativi alla tua persona e ad accedervi integralmente anche ottenendone copia (art. 15 Diritto all\u2019accesso),<br \/>\u2013 alla rettifica dei dati personali inesatti o all\u2019integrazione dei dati personali incompleti (Art. 16 Diritto di rettifica);<br \/>\u2013 alla cancellazione dei dati personali in possesso del Titolare se sussiste uno dei motivi previsti dal GDPR (Diritto alla Cancellazione, 17);<br \/>\u2013 a chiedere al Titolare di limitare il trattamento solo ad alcuni dati personali, se sussiste uno dei motivi previsti dal Regolamento (Art. 18 Diritto alla limitazione del trattamento);<br \/>\u2013 di richiedere e ricevere tutti i tuoi dati personali trattati dal titolare, in formato strutturato, di uso comune e leggibili da dispositivo automatico oppure richiedere la trasmissione ad altro titolare senza impedimenti (Art. 20, Diritto alla Portabilit\u00e0);<br \/>\u2013 di opporti in tutto o in parte al trattamento dei dati per finalit\u00e0 di invio di materiale pubblicitario e ricerche di mercato (c.d. Consenso) (art. 21 Diritto di opposizione)<br \/>\u2013 di opporti in tutto o in parte al trattamento dei dati in modalit\u00e0 automatica o semiautomatica per finalit\u00e0 di profilazione (c.d. Consenso)<\/p><p>L\u2019esercizio di questi diritti pu\u00f2 essere esercitato mediante comunicazione al Titolare del Trattamento\/Data Protection Officer i cui recapiti sono indicati nell\u2019apposita sezione di questa informativa.<br \/>Inoltre tu hai sempre il diritto di proporre reclamo all\u2019Autorit\u00e0 Garante per la Protezione dei dati Personali, contattabile all\u2019indirizzo\u00a0garante@gpdp.it\u00a0o mediante il sito http:\/\/www.gpdp.it.<\/p><p><strong>7. RESPONSABILE PRIVACY<\/strong><br \/>Openet Technologies ha individuato e nominato, a norma dell\u2019art. 37 del GDPR, il titolare responsabile del trattamento dei dati che gestir\u00e0 le richieste inerenti la privacy dei propri utenti e clienti.<br \/>Per l\u2019esercizio dei diritti a te garantiti puoi rivolgerti ai seguenti recapiti:<br \/>\u2013 Openet Technologies Spa \u2013 via delle Fiere snc \u2013 via dell\u2019Industria snc Zona PAIP II 75100 Matera<br \/>\u2013 oppure indirizzando una email all\u2019indirizzo:\u00a0info@openet.it<\/p><p><strong>8. ULTIMO AGGIORNAMENTO<\/strong><br \/>Questa Informativa Privacy \u00e8 aggiornata al 21\/01\/2025<\/p>\t\t\t\t\t\t\t\t<\/div>\n\t\t\t\t<\/div>\n\t\t\t\t\t<\/div>\n\t\t\t\t<\/div>\n\t\t<div class=\"elementor-element elementor-element-add594c e-flex e-con-boxed e-con e-parent\" data-id=\"add594c\" data-element_type=\"container\">\n\t\t\t\t\t<div class=\"e-con-inner\">\n\t\t\t\t\t<\/div>\n\t\t\t\t<\/div>\n\t\t\t\t<\/div>","protected":false},"excerpt":{"rendered":"<p>Tutela della Privacy Openet Technologies Spa con sede a Matera, Via delle Fiere s.n.c. Zona PAIP II 75100 Matera \u00e8 il Titolare del trattamento dei dati personali raccolti su questo sito ai sensi e per gli effetti del Regolamento UE 679\/2016 (GDPR) Questa Informativa Privacy \u00e8 aggiornata al 25\/05\/2018 Dati Personali e Dati di Navigazione [&hellip;]<\/p>","protected":false},"author":1,"featured_media":1079,"parent":0,"menu_order":0,"comment_status":"closed","ping_status":"open","template":"","meta":{"footnotes":""},"class_list":["post-3","page","type-page","status-publish","has-post-thumbnail","hentry"],"aioseo_notices":[],"_links":{"self":[{"href":"https:\/\/openet.it\/en\/wp-json\/wp\/v2\/pages\/3","targetHints":{"allow":["GET"]}}],"collection":[{"href":"https:\/\/openet.it\/en\/wp-json\/wp\/v2\/pages"}],"about":[{"href":"https:\/\/openet.it\/en\/wp-json\/wp\/v2\/types\/page"}],"author":[{"embeddable":true,"href":"https:\/\/openet.it\/en\/wp-json\/wp\/v2\/users\/1"}],"replies":[{"embeddable":true,"href":"https:\/\/openet.it\/en\/wp-json\/wp\/v2\/comments?post=3"}],"version-history":[{"count":0,"href":"https:\/\/openet.it\/en\/wp-json\/wp\/v2\/pages\/3\/revisions"}],"wp:featuredmedia":[{"embeddable":true,"href":"https:\/\/openet.it\/en\/wp-json\/wp\/v2\/media\/1079"}],"wp:attachment":[{"href":"https:\/\/openet.it\/en\/wp-json\/wp\/v2\/media?parent=3"}],"curies":[{"name":"wp","href":"https:\/\/api.w.org\/{rel}","templated":true}]}}