{"id":1568,"date":"2025-11-18T07:24:07","date_gmt":"2025-11-18T07:24:07","guid":{"rendered":"https:\/\/openet.it\/?page_id=1568"},"modified":"2025-11-18T09:12:41","modified_gmt":"2025-11-18T09:12:41","slug":"smart-city","status":"publish","type":"page","link":"https:\/\/openet.it\/en\/smart-city\/","title":{"rendered":"SMART CITY"},"content":{"rendered":"<style>.elementor-1568 .elementor-element.elementor-element-45514db{--display:flex;}.elementor-widget-text-editor{font-family:var( --e-global-typography-text-font-family ), Sans-serif;font-weight:var( --e-global-typography-text-font-weight );line-height:var( --e-global-typography-text-line-height );color:var( --e-global-color-text );}.elementor-widget-text-editor.elementor-drop-cap-view-stacked .elementor-drop-cap{background-color:var( --e-global-color-primary );}.elementor-widget-text-editor.elementor-drop-cap-view-framed .elementor-drop-cap, .elementor-widget-text-editor.elementor-drop-cap-view-default .elementor-drop-cap{color:var( --e-global-color-primary );border-color:var( --e-global-color-primary );}@media(max-width:1024px){.elementor-widget-text-editor{line-height:var( --e-global-typography-text-line-height );}}@media(max-width:767px){.elementor-widget-text-editor{line-height:var( --e-global-typography-text-line-height );}}<\/style>\t\t<div data-elementor-type=\"wp-page\" data-elementor-id=\"1568\" class=\"elementor elementor-1568\" data-elementor-post-type=\"page\">\n\t\t\t\t<div class=\"elementor-element elementor-element-45514db e-flex e-con-boxed e-con e-parent\" data-id=\"45514db\" data-element_type=\"container\">\n\t\t\t\t\t<div class=\"e-con-inner\">\n\t\t\t\t<div class=\"elementor-element elementor-element-6c60b73 elementor-widget elementor-widget-text-editor\" data-id=\"6c60b73\" data-element_type=\"widget\" data-widget_type=\"text-editor.default\">\n\t\t\t\t<div class=\"elementor-widget-container\">\n\t\t\t\t\t\t\t\t\t<p>An initiative aimed at developing advanced technological solutions for the intelligent and sustainable management of urban contexts. The project, which was successfully completed, involved several public and private partners and was aimed at transforming cities into more efficient, connected and livable environments.<\/p><p class=\"translation-block\">In the context of the project, Openet has made available its expertise in the fields of <strong>urban IoT, sensor networks, real-time data management and the development of interoperable digital platforms<\/strong>.<\/p><p class=\"translation-block\">The company has designed and developed software components for the integration and analysis of data from heterogeneous urban systems (lighting, traffic, air pollution, waste), contributing to the creation of a centralized <strong>dashboard<\/strong> for intelligent city monitoring.<\/p><p class=\"translation-block\">Openet also oversaw the implementation of <strong>predictive models<\/strong> based on artificial intelligence algorithms, designed to support public administration decisions with a view to energy efficiency, environmental sustainability, and improved services for citizens. <br>Through its participation in the urban <strong>living labs<\/strong> included in the project, Openet collaborated in testing solutions in real environments, contributing to their refinement based on feedback from local stakeholders.<\/p><p class=\"translation-block\">The conclusion of the SMART CITY project has allowed Openet Technologies to consolidate its position in the sector of <strong>smart city technologies<\/strong>, confirming its commitment to <strong>digital innovation to support sustainable urban transformation<\/strong>.<\/p>\t\t\t\t\t\t\t\t<\/div>\n\t\t\t\t<\/div>\n\t\t\t\t\t<\/div>\n\t\t\t\t<\/div>\n\t\t\t\t<\/div>","protected":false},"excerpt":{"rendered":"<p>Un&#8217;iniziativa finalizzata allo sviluppo di soluzioni tecnologiche avanzate per la gestione intelligente e sostenibile dei contesti urbani. Il progetto, conclusosi con successo, ha coinvolto diversi partner pubblici e privati ed \u00e8 stato orientato a trasformare le citt\u00e0 in ambienti pi\u00f9 efficienti, connessi e vivibili. Nel contesto del progetto, Openet ha messo a disposizione le proprie [&hellip;]<\/p>","protected":false},"author":1,"featured_media":1569,"parent":0,"menu_order":0,"comment_status":"closed","ping_status":"closed","template":"","meta":{"footnotes":""},"class_list":["post-1568","page","type-page","status-publish","has-post-thumbnail","hentry"],"aioseo_notices":[],"_links":{"self":[{"href":"https:\/\/openet.it\/en\/wp-json\/wp\/v2\/pages\/1568","targetHints":{"allow":["GET"]}}],"collection":[{"href":"https:\/\/openet.it\/en\/wp-json\/wp\/v2\/pages"}],"about":[{"href":"https:\/\/openet.it\/en\/wp-json\/wp\/v2\/types\/page"}],"author":[{"embeddable":true,"href":"https:\/\/openet.it\/en\/wp-json\/wp\/v2\/users\/1"}],"replies":[{"embeddable":true,"href":"https:\/\/openet.it\/en\/wp-json\/wp\/v2\/comments?post=1568"}],"version-history":[{"count":10,"href":"https:\/\/openet.it\/en\/wp-json\/wp\/v2\/pages\/1568\/revisions"}],"predecessor-version":[{"id":1579,"href":"https:\/\/openet.it\/en\/wp-json\/wp\/v2\/pages\/1568\/revisions\/1579"}],"wp:featuredmedia":[{"embeddable":true,"href":"https:\/\/openet.it\/en\/wp-json\/wp\/v2\/media\/1569"}],"wp:attachment":[{"href":"https:\/\/openet.it\/en\/wp-json\/wp\/v2\/media?parent=1568"}],"curies":[{"name":"wp","href":"https:\/\/api.w.org\/{rel}","templated":true}]}}